{"id":2627,"date":"2024-11-12T09:09:51","date_gmt":"2024-11-12T09:09:51","guid":{"rendered":"https:\/\/citt-semiconductores.madrimasd.org\/?page_id=2627"},"modified":"2024-11-15T09:16:08","modified_gmt":"2024-11-15T09:16:08","slug":"visual-composer-2627","status":"publish","type":"page","link":"https:\/\/citt-semiconductores.madrimasd.org\/index.php\/visual-composer-2627\/","title":{"rendered":""},"content":{"rendered":"<div class=\"vce-row-container\" data-vce-boxed-width=\"true\"><div class=\"vce-row vce-row--col-gap-30 vce-row-equal-height vce-row-content--top\" id=\"el-c0a30730\" data-vce-do-apply=\"all el-c0a30730\"><div class=\"vce-row-content\" data-vce-element-content=\"true\"><div class=\"vce-col vce-col--md-auto vce-col--xs-1 vce-col--xs-last vce-col--xs-first vce-col--sm-last vce-col--sm-first vce-col--md-last vce-col--lg-last vce-col--xl-last vce-col--md-first vce-col--lg-first vce-col--xl-first\" id=\"el-fdcf03d2\"><div class=\"vce-col-inner\" data-vce-do-apply=\"border margin background  el-fdcf03d2\"><div class=\"vce-col-content\" data-vce-element-content=\"true\" data-vce-do-apply=\"padding el-fdcf03d2\"><div class=\"vce vce-separator-with-title-container vce-separator-with-title--align-center\" id=\"el-11098b31\" data-vce-do-apply=\"margin el-11098b31\"><div class=\"vce-separator-with-title vce-separator-with-title--color-bfc0c1 vce-separator-with-title--width-60\" data-vce-do-apply=\"border padding background  el-11098b31\"><div class=\"vce-separator-with-title--line vce-separator-with-title--line--style-solid vce-separator-with-title-line--thickness-1 vce-separator-with-title--line-left\"><\/div><h3 class=\"vce-separator-with-title--title vce-separator-with-title--title--color-b-62-61-61\">Hub Semiconductores<\/h3><div class=\"vce-separator-with-title--line vce-separator-with-title--line--style-solid vce-separator-with-title-line--thickness-1 vce-separator-with-title--line-right\"><\/div><\/div><\/div><\/div><\/div><\/div><\/div><\/div><\/div><div class=\"vce-row-container\" data-vce-boxed-width=\"true\"><div class=\"vce-row vce-row--col-gap-30 vce-row-equal-height vce-row-content--top\" id=\"el-70e1e920\" data-vce-do-apply=\"all el-70e1e920\"><div class=\"vce-row-content\" data-vce-element-content=\"true\"><div class=\"vce-col vce-col--md-auto vce-col--xs-1 vce-col--xs-last vce-col--xs-first vce-col--sm-last vce-col--sm-first vce-col--md-last vce-col--lg-last vce-col--xl-last vce-col--md-first vce-col--lg-first vce-col--xl-first\" id=\"el-4199540a\"><div class=\"vce-col-inner\" data-vce-do-apply=\"border margin background  el-4199540a\"><div class=\"vce-col-content\" data-vce-element-content=\"true\" data-vce-do-apply=\"padding el-4199540a\"><div class=\"vce-text-block\"><div class=\"vce-text-block-wrapper vce\" id=\"el-da355657\" data-vce-do-apply=\"all el-da355657\"><p>El Cl\u00faster de Semiconductores junto a todos sus miembros y la Comunidad de Madrid est\u00e1 trabajando para que Madrid sea un nodo clave a nivel mundial: creando un HUB de semiconductores basado en la colaboraci\u00f3n, la innovaci\u00f3n y el talento.<\/p><\/div><\/div><\/div><\/div><\/div><\/div><\/div><\/div><div class=\"vce-row-container\" data-vce-boxed-width=\"true\"><div class=\"vce-row vce-row--col-gap-30 vce-row-equal-height vce-row-content--top\" id=\"el-0beffc5a\" data-vce-do-apply=\"all el-0beffc5a\"><div class=\"vce-content-background-container\"><\/div><div class=\"vce-row-content\" data-vce-element-content=\"true\"><div class=\"vce-col vce-col--md-auto vce-col--xs-1 vce-col--xs-last vce-col--xs-first vce-col--sm-last vce-col--sm-first vce-col--md-last vce-col--lg-last vce-col--xl-last vce-col--md-first vce-col--lg-first vce-col--xl-first\" id=\"el-89184a96\"><div class=\"vce-col-inner\" data-vce-do-apply=\"border margin background  el-89184a96\"><div class=\"vce-col-content\" data-vce-element-content=\"true\" data-vce-do-apply=\"padding el-89184a96\"><div><\/div><\/div><\/div><\/div><\/div><\/div><\/div><div class=\"vce-row-container\" data-vce-boxed-width=\"true\"><div class=\"vce-row vce-row--col-gap-30 vce-row-equal-height vce-row-content--top\" id=\"el-453827a6\" data-vce-do-apply=\"all el-453827a6\"><div class=\"vce-row-content\" data-vce-element-content=\"true\"><div class=\"vce-col vce-col--md-28p vce-col--xs-1 vce-col--xs-last vce-col--xs-first vce-col--sm-last vce-col--sm-first vce-col--md-first vce-col--lg-first vce-col--xl-first\" id=\"el-b803d1f9\"><div class=\"vce-col-inner\" data-vce-do-apply=\"border margin background  el-b803d1f9\"><div class=\"vce-col-content\" data-vce-element-content=\"true\" data-vce-do-apply=\"padding el-b803d1f9\"><div><\/div><\/div><\/div><\/div><div class=\"vce-col vce-col--md-47p vce-col--xs-1 vce-col--xs-last vce-col--xs-first vce-col--sm-last vce-col--sm-first\" id=\"el-25365897\"><div class=\"vce-col-inner\" data-vce-do-apply=\"border margin background  el-25365897\"><div class=\"vce-col-content\" data-vce-element-content=\"true\" data-vce-do-apply=\"padding el-25365897\"><div class=\"vce-yt-video-player vce-yt-video-player--align-left vce-yt-video-player--size-560x315\"><div class=\"vce vce-yt-video-player-wrapper\" id=\"el-f290f219\" data-vce-do-apply=\"all el-f290f219\" style=\"width: 560px;\"><div class=\"vce-yt-video-player-inner\"><iframe loading=\"lazy\" class=\"vce-yt-video-player-iframe\" src=\"https:\/\/www.youtube.com\/embed\/b5mUEWScntU?autoplay=0&amp;mute=0&amp;color=red&amp;controls=1&amp;loop=0&amp;rel=0&amp;start=0&amp;cc_load_policy=0&amp;iv_load_policy=3&amp;enablejsapi=1\" width=\"640\" height=\"390\" allowfullscreen=\"\" title=\"YouTube video\"><\/iframe><\/div><\/div><\/div><\/div><\/div><\/div><div class=\"vce-col vce-col--md-25p vce-col--xs-1 vce-col--xs-last vce-col--xs-first vce-col--sm-last vce-col--sm-first vce-col--md-last vce-col--lg-last vce-col--xl-last\" id=\"el-7ef94b90\"><div class=\"vce-col-inner\" data-vce-do-apply=\"border margin background  el-7ef94b90\"><div class=\"vce-col-content\" data-vce-element-content=\"true\" data-vce-do-apply=\"padding el-7ef94b90\"><div><\/div><\/div><\/div><\/div><\/div><\/div><\/div>","protected":false},"excerpt":{"rendered":"<p>Hub SemiconductoresEl Cl\u00faster de Semiconductores junto a todos sus miembros y la Comunidad de Madrid est\u00e1 trabajando para que Madrid sea un nodo clave a nivel mundial: creando un HUB de semiconductores basado en la colaboraci\u00f3n, la innovaci\u00f3n y el talento.<\/p>\n","protected":false},"author":3,"featured_media":0,"parent":0,"menu_order":0,"comment_status":"closed","ping_status":"closed","template":"","meta":{"pmpro_default_level":0,"passster_activate_protection":false,"passster_protect_child_pages":"","passster_protection_type":"password","passster_password":"","passster_activate_overwrite_defaults":"","passster_headline":"","passster_instruction":"","passster_placeholder":"","passster_button":"","passster_id":"","passster_activate_misc_settings":"","passster_redirect_url":"","passster_hide":"no","passster_area_shortcode":"","_mc_calendar":[],"footnotes":""},"class_list":["post-2627","page","type-page","status-publish","hentry","pmpro-has-access"],"blocksy_meta":"","acf":[],"_links":{"self":[{"href":"https:\/\/citt-semiconductores.madrimasd.org\/index.php\/wp-json\/wp\/v2\/pages\/2627","targetHints":{"allow":["GET"]}}],"collection":[{"href":"https:\/\/citt-semiconductores.madrimasd.org\/index.php\/wp-json\/wp\/v2\/pages"}],"about":[{"href":"https:\/\/citt-semiconductores.madrimasd.org\/index.php\/wp-json\/wp\/v2\/types\/page"}],"author":[{"embeddable":true,"href":"https:\/\/citt-semiconductores.madrimasd.org\/index.php\/wp-json\/wp\/v2\/users\/3"}],"replies":[{"embeddable":true,"href":"https:\/\/citt-semiconductores.madrimasd.org\/index.php\/wp-json\/wp\/v2\/comments?post=2627"}],"version-history":[{"count":5,"href":"https:\/\/citt-semiconductores.madrimasd.org\/index.php\/wp-json\/wp\/v2\/pages\/2627\/revisions"}],"predecessor-version":[{"id":2634,"href":"https:\/\/citt-semiconductores.madrimasd.org\/index.php\/wp-json\/wp\/v2\/pages\/2627\/revisions\/2634"}],"wp:attachment":[{"href":"https:\/\/citt-semiconductores.madrimasd.org\/index.php\/wp-json\/wp\/v2\/media?parent=2627"}],"curies":[{"name":"wp","href":"https:\/\/api.w.org\/{rel}","templated":true}]}}