{"id":2538,"date":"2024-06-28T07:47:49","date_gmt":"2024-06-28T07:47:49","guid":{"rendered":"https:\/\/citt-semiconductores.madrimasd.org\/?page_id=2538"},"modified":"2025-01-31T14:53:36","modified_gmt":"2025-01-31T14:53:36","slug":"newsletter-2","status":"publish","type":"page","link":"https:\/\/citt-semiconductores.madrimasd.org\/index.php\/newsletter-2\/","title":{"rendered":"Newsletter"},"content":{"rendered":"\t\t<div data-elementor-type=\"wp-page\" data-elementor-id=\"2538\" class=\"elementor elementor-2538\">\n\t\t\t\t\t\t\t\t\t<section class=\"elementor-section elementor-top-section elementor-element elementor-element-40e8ca24 elementor-section-boxed elementor-section-height-default elementor-section-height-default\" data-id=\"40e8ca24\" data-element_type=\"section\">\n\t\t\t\t\t\t<div class=\"elementor-container elementor-column-gap-default\">\n\t\t\t\t\t<div class=\"elementor-column elementor-col-100 elementor-top-column elementor-element elementor-element-718238d1\" data-id=\"718238d1\" data-element_type=\"column\">\n\t\t\t<div class=\"elementor-widget-wrap elementor-element-populated\">\n\t\t\t\t\t\t\t\t<div class=\"elementor-element elementor-element-e972154 elementor-widget elementor-widget-text-editor\" data-id=\"e972154\" data-element_type=\"widget\" data-widget_type=\"text-editor.default\">\n\t\t\t\t<div class=\"elementor-widget-container\">\n\t\t\t<style>\/*! elementor - v3.14.0 - 26-06-2023 *\/\n.elementor-widget-text-editor.elementor-drop-cap-view-stacked .elementor-drop-cap{background-color:#69727d;color:#fff}.elementor-widget-text-editor.elementor-drop-cap-view-framed .elementor-drop-cap{color:#69727d;border:3px solid;background-color:transparent}.elementor-widget-text-editor:not(.elementor-drop-cap-view-default) .elementor-drop-cap{margin-top:8px}.elementor-widget-text-editor:not(.elementor-drop-cap-view-default) .elementor-drop-cap-letter{width:1em;height:1em}.elementor-widget-text-editor .elementor-drop-cap{float:left;text-align:center;line-height:1;font-size:50px}.elementor-widget-text-editor .elementor-drop-cap-letter{display:inline-block}<\/style>\t\t\t\t<!--vcv no format--><!--vcv no format-->\t\t\t\t\t\t<\/div>\n\t\t\t\t<\/div>\n\t\t\t\t\t<\/div>\n\t\t<\/div>\n\t\t\t\t\t\t\t<\/div>\n\t\t<\/section>\n\t\t\t\t<section class=\"elementor-section elementor-top-section elementor-element elementor-element-39081dc elementor-section-boxed elementor-section-height-default elementor-section-height-default\" data-id=\"39081dc\" data-element_type=\"section\">\n\t\t\t\t\t\t<div class=\"elementor-container elementor-column-gap-default\">\n\t\t\t\t\t<div class=\"elementor-column elementor-col-33 elementor-top-column elementor-element elementor-element-0849733\" data-id=\"0849733\" data-element_type=\"column\">\n\t\t\t<div class=\"elementor-widget-wrap elementor-element-populated\">\n\t\t\t\t\t\t\t\t<div class=\"elementor-element elementor-element-d6d0b21 elementor-widget elementor-widget-image\" data-id=\"d6d0b21\" data-element_type=\"widget\" data-widget_type=\"image.default\">\n\t\t\t\t<div class=\"elementor-widget-container\">\n\t\t\t<style>\/*! elementor - v3.14.0 - 26-06-2023 *\/\n.elementor-widget-image{text-align:center}.elementor-widget-image a{display:inline-block}.elementor-widget-image a img[src$=\".svg\"]{width:48px}.elementor-widget-image img{vertical-align:middle;display:inline-block}<\/style>\t\t\t\t\t\t\t\t\t\t\t\t<img loading=\"lazy\" decoding=\"async\" width=\"478\" height=\"701\" src=\"https:\/\/citt-semiconductores.madrimasd.org\/wp-content\/uploads\/2024\/07\/Imagen1.png\" class=\"attachment-large size-large wp-image-2563\" alt=\"\" srcset=\"https:\/\/citt-semiconductores.madrimasd.org\/wp-content\/uploads\/2024\/07\/Imagen1.png 478w, https:\/\/citt-semiconductores.madrimasd.org\/wp-content\/uploads\/2024\/07\/Imagen1-205x300.png 205w, https:\/\/citt-semiconductores.madrimasd.org\/wp-content\/uploads\/2024\/07\/Imagen1-320x469.png 320w\" sizes=\"auto, (max-width: 478px) 100vw, 478px\" \/>\t\t\t\t\t\t\t\t\t\t\t\t\t\t\t<\/div>\n\t\t\t\t<\/div>\n\t\t\t\t\t<\/div>\n\t\t<\/div>\n\t\t\t\t<div class=\"elementor-column elementor-col-33 elementor-top-column elementor-element elementor-element-d79b794\" data-id=\"d79b794\" data-element_type=\"column\">\n\t\t\t<div class=\"elementor-widget-wrap elementor-element-populated\">\n\t\t\t\t\t\t\t\t<div class=\"elementor-element elementor-element-713f6b2 elementor-widget elementor-widget-image\" data-id=\"713f6b2\" data-element_type=\"widget\" data-widget_type=\"image.default\">\n\t\t\t\t<div class=\"elementor-widget-container\">\n\t\t\t\t\t\t\t\t\t\t\t\t\t\t\t<img loading=\"lazy\" decoding=\"async\" width=\"567\" height=\"817\" src=\"https:\/\/citt-semiconductores.madrimasd.org\/wp-content\/uploads\/2024\/07\/Imagen1-2.png\" class=\"attachment-large size-large wp-image-2580\" alt=\"\" srcset=\"https:\/\/citt-semiconductores.madrimasd.org\/wp-content\/uploads\/2024\/07\/Imagen1-2.png 567w, https:\/\/citt-semiconductores.madrimasd.org\/wp-content\/uploads\/2024\/07\/Imagen1-2-208x300.png 208w, https:\/\/citt-semiconductores.madrimasd.org\/wp-content\/uploads\/2024\/07\/Imagen1-2-320x461.png 320w, https:\/\/citt-semiconductores.madrimasd.org\/wp-content\/uploads\/2024\/07\/Imagen1-2-480x692.png 480w\" sizes=\"auto, (max-width: 567px) 100vw, 567px\" \/>\t\t\t\t\t\t\t\t\t\t\t\t\t\t\t<\/div>\n\t\t\t\t<\/div>\n\t\t\t\t\t<\/div>\n\t\t<\/div>\n\t\t\t\t<div class=\"elementor-column elementor-col-33 elementor-top-column elementor-element elementor-element-12deab4\" data-id=\"12deab4\" data-element_type=\"column\">\n\t\t\t<div class=\"elementor-widget-wrap elementor-element-populated\">\n\t\t\t\t\t\t\t\t<div class=\"elementor-element elementor-element-1951056 elementor-widget elementor-widget-image\" data-id=\"1951056\" data-element_type=\"widget\" data-widget_type=\"image.default\">\n\t\t\t\t<div class=\"elementor-widget-container\">\n\t\t\t\t\t\t\t\t\t\t\t\t\t\t\t<img loading=\"lazy\" decoding=\"async\" width=\"490\" height=\"720\" src=\"https:\/\/citt-semiconductores.madrimasd.org\/wp-content\/uploads\/2024\/09\/Imagen1.png\" class=\"attachment-large size-large wp-image-2603\" alt=\"\" srcset=\"https:\/\/citt-semiconductores.madrimasd.org\/wp-content\/uploads\/2024\/09\/Imagen1.png 490w, https:\/\/citt-semiconductores.madrimasd.org\/wp-content\/uploads\/2024\/09\/Imagen1-204x300.png 204w, https:\/\/citt-semiconductores.madrimasd.org\/wp-content\/uploads\/2024\/09\/Imagen1-320x470.png 320w, https:\/\/citt-semiconductores.madrimasd.org\/wp-content\/uploads\/2024\/09\/Imagen1-480x705.png 480w\" sizes=\"auto, (max-width: 490px) 100vw, 490px\" \/>\t\t\t\t\t\t\t\t\t\t\t\t\t\t\t<\/div>\n\t\t\t\t<\/div>\n\t\t\t\t\t<\/div>\n\t\t<\/div>\n\t\t\t\t\t\t\t<\/div>\n\t\t<\/section>\n\t\t\t\t<section class=\"elementor-section elementor-top-section elementor-element elementor-element-13e67cc elementor-section-boxed elementor-section-height-default elementor-section-height-default\" data-id=\"13e67cc\" data-element_type=\"section\">\n\t\t\t\t\t\t<div class=\"elementor-container elementor-column-gap-default\">\n\t\t\t\t\t<div class=\"elementor-column elementor-col-33 elementor-top-column elementor-element elementor-element-f39cdf0\" data-id=\"f39cdf0\" data-element_type=\"column\">\n\t\t\t<div class=\"elementor-widget-wrap elementor-element-populated\">\n\t\t\t\t\t\t\t\t<div class=\"elementor-element elementor-element-aa18415 elementor-align-center elementor-widget elementor-widget-button\" data-id=\"aa18415\" data-element_type=\"widget\" data-widget_type=\"button.default\">\n\t\t\t\t<div class=\"elementor-widget-container\">\n\t\t\t\t\t<div class=\"elementor-button-wrapper\">\n\t\t\t<a class=\"elementor-button elementor-button-link elementor-size-sm elementor-animation-grow\" href=\"http:\/\/citt-semiconductores.madrimasd.org\/wp-content\/uploads\/2024\/06\/Newsletter-Semiconductores-Junio-2024.pdf\">\n\t\t\t\t\t\t<span class=\"elementor-button-content-wrapper\">\n\t\t\t\t\t\t<span class=\"elementor-button-icon elementor-align-icon-left\">\n\t\t\t\t<i aria-hidden=\"true\" class=\"far fa-newspaper\"><\/i>\t\t\t<\/span>\n\t\t\t\t\t\t<span class=\"elementor-button-text\">Haz clic aqu\u00ed para saber m\u00e1s sobre la Newsletter de junio<\/span>\n\t\t<\/span>\n\t\t\t\t\t<\/a>\n\t\t<\/div>\n\t\t\t\t<\/div>\n\t\t\t\t<\/div>\n\t\t\t\t\t<\/div>\n\t\t<\/div>\n\t\t\t\t<div class=\"elementor-column elementor-col-33 elementor-top-column elementor-element elementor-element-054f2a0\" data-id=\"054f2a0\" data-element_type=\"column\">\n\t\t\t<div class=\"elementor-widget-wrap elementor-element-populated\">\n\t\t\t\t\t\t\t\t<div class=\"elementor-element elementor-element-199b24c elementor-align-center elementor-widget elementor-widget-button\" data-id=\"199b24c\" data-element_type=\"widget\" data-widget_type=\"button.default\">\n\t\t\t\t<div class=\"elementor-widget-container\">\n\t\t\t\t\t<div class=\"elementor-button-wrapper\">\n\t\t\t<a class=\"elementor-button elementor-button-link elementor-size-sm elementor-animation-grow\" href=\"http:\/\/citt-semiconductores.madrimasd.org\/wp-content\/uploads\/2024\/07\/Newsletter-Semiconductores-Julio-2024-1.pdf\">\n\t\t\t\t\t\t<span class=\"elementor-button-content-wrapper\">\n\t\t\t\t\t\t<span class=\"elementor-button-icon elementor-align-icon-left\">\n\t\t\t\t<i aria-hidden=\"true\" class=\"far fa-newspaper\"><\/i>\t\t\t<\/span>\n\t\t\t\t\t\t<span class=\"elementor-button-text\">Haz clic aqu\u00ed para saber m\u00e1s sobre la Newsletter de julio<\/span>\n\t\t<\/span>\n\t\t\t\t\t<\/a>\n\t\t<\/div>\n\t\t\t\t<\/div>\n\t\t\t\t<\/div>\n\t\t\t\t\t<\/div>\n\t\t<\/div>\n\t\t\t\t<div class=\"elementor-column elementor-col-33 elementor-top-column elementor-element elementor-element-5a4d633\" data-id=\"5a4d633\" data-element_type=\"column\">\n\t\t\t<div class=\"elementor-widget-wrap elementor-element-populated\">\n\t\t\t\t\t\t\t\t<div class=\"elementor-element elementor-element-ba57c06 elementor-align-center elementor-widget elementor-widget-button\" data-id=\"ba57c06\" data-element_type=\"widget\" data-widget_type=\"button.default\">\n\t\t\t\t<div class=\"elementor-widget-container\">\n\t\t\t\t\t<div class=\"elementor-button-wrapper\">\n\t\t\t<a class=\"elementor-button elementor-button-link elementor-size-sm elementor-animation-grow\" href=\"http:\/\/citt-semiconductores.madrimasd.org\/wp-content\/uploads\/2024\/09\/Newsletter-Semiconductores-Septiembre-2024.pdf\">\n\t\t\t\t\t\t<span class=\"elementor-button-content-wrapper\">\n\t\t\t\t\t\t<span class=\"elementor-button-icon elementor-align-icon-left\">\n\t\t\t\t<i aria-hidden=\"true\" class=\"far fa-newspaper\"><\/i>\t\t\t<\/span>\n\t\t\t\t\t\t<span class=\"elementor-button-text\">Haz clic aqu\u00ed para saber m\u00e1s sobre la Newsletter de septiembre<\/span>\n\t\t<\/span>\n\t\t\t\t\t<\/a>\n\t\t<\/div>\n\t\t\t\t<\/div>\n\t\t\t\t<\/div>\n\t\t\t\t\t<\/div>\n\t\t<\/div>\n\t\t\t\t\t\t\t<\/div>\n\t\t<\/section>\n\t\t\t\t<section class=\"elementor-section elementor-top-section elementor-element elementor-element-88abbc2 elementor-section-boxed elementor-section-height-default elementor-section-height-default\" data-id=\"88abbc2\" data-element_type=\"section\">\n\t\t\t\t\t\t<div class=\"elementor-container elementor-column-gap-default\">\n\t\t\t\t\t<div class=\"elementor-column elementor-col-33 elementor-top-column elementor-element elementor-element-6272085\" data-id=\"6272085\" data-element_type=\"column\">\n\t\t\t<div class=\"elementor-widget-wrap elementor-element-populated\">\n\t\t\t\t\t\t\t\t<div class=\"elementor-element elementor-element-cf58b9d elementor-widget elementor-widget-image\" data-id=\"cf58b9d\" data-element_type=\"widget\" data-widget_type=\"image.default\">\n\t\t\t\t<div class=\"elementor-widget-container\">\n\t\t\t\t\t\t\t\t\t\t\t\t\t\t\t<img loading=\"lazy\" decoding=\"async\" width=\"533\" height=\"771\" src=\"https:\/\/citt-semiconductores.madrimasd.org\/wp-content\/uploads\/2024\/10\/image-2.png\" class=\"attachment-large size-large wp-image-2613\" alt=\"\" srcset=\"https:\/\/citt-semiconductores.madrimasd.org\/wp-content\/uploads\/2024\/10\/image-2.png 533w, https:\/\/citt-semiconductores.madrimasd.org\/wp-content\/uploads\/2024\/10\/image-2-207x300.png 207w, https:\/\/citt-semiconductores.madrimasd.org\/wp-content\/uploads\/2024\/10\/image-2-320x463.png 320w, https:\/\/citt-semiconductores.madrimasd.org\/wp-content\/uploads\/2024\/10\/image-2-480x694.png 480w\" sizes=\"auto, (max-width: 533px) 100vw, 533px\" \/>\t\t\t\t\t\t\t\t\t\t\t\t\t\t\t<\/div>\n\t\t\t\t<\/div>\n\t\t\t\t\t<\/div>\n\t\t<\/div>\n\t\t\t\t<div class=\"elementor-column elementor-col-33 elementor-top-column elementor-element elementor-element-0c73020\" data-id=\"0c73020\" data-element_type=\"column\">\n\t\t\t<div class=\"elementor-widget-wrap elementor-element-populated\">\n\t\t\t\t\t\t\t\t<div class=\"elementor-element elementor-element-381cd2a elementor-widget elementor-widget-image\" data-id=\"381cd2a\" data-element_type=\"widget\" data-widget_type=\"image.default\">\n\t\t\t\t<div class=\"elementor-widget-container\">\n\t\t\t\t\t\t\t\t\t\t\t\t\t\t\t<img loading=\"lazy\" decoding=\"async\" width=\"526\" height=\"759\" src=\"https:\/\/citt-semiconductores.madrimasd.org\/wp-content\/uploads\/2024\/12\/Imagen1.png\" class=\"attachment-large size-large wp-image-2637\" alt=\"\" srcset=\"https:\/\/citt-semiconductores.madrimasd.org\/wp-content\/uploads\/2024\/12\/Imagen1.png 526w, https:\/\/citt-semiconductores.madrimasd.org\/wp-content\/uploads\/2024\/12\/Imagen1-208x300.png 208w, https:\/\/citt-semiconductores.madrimasd.org\/wp-content\/uploads\/2024\/12\/Imagen1-320x462.png 320w, https:\/\/citt-semiconductores.madrimasd.org\/wp-content\/uploads\/2024\/12\/Imagen1-480x693.png 480w\" sizes=\"auto, (max-width: 526px) 100vw, 526px\" \/>\t\t\t\t\t\t\t\t\t\t\t\t\t\t\t<\/div>\n\t\t\t\t<\/div>\n\t\t\t\t\t<\/div>\n\t\t<\/div>\n\t\t\t\t<div class=\"elementor-column elementor-col-33 elementor-top-column elementor-element elementor-element-9e1b426\" data-id=\"9e1b426\" data-element_type=\"column\">\n\t\t\t<div class=\"elementor-widget-wrap elementor-element-populated\">\n\t\t\t\t\t\t\t\t<div class=\"elementor-element elementor-element-1030479 elementor-widget elementor-widget-image\" data-id=\"1030479\" data-element_type=\"widget\" data-widget_type=\"image.default\">\n\t\t\t\t<div class=\"elementor-widget-container\">\n\t\t\t\t\t\t\t\t\t\t\t\t\t\t\t<img loading=\"lazy\" decoding=\"async\" width=\"567\" height=\"820\" src=\"https:\/\/citt-semiconductores.madrimasd.org\/wp-content\/uploads\/2025\/01\/citt.png\" class=\"attachment-large size-large wp-image-2651\" alt=\"\" srcset=\"https:\/\/citt-semiconductores.madrimasd.org\/wp-content\/uploads\/2025\/01\/citt.png 567w, https:\/\/citt-semiconductores.madrimasd.org\/wp-content\/uploads\/2025\/01\/citt-207x300.png 207w, https:\/\/citt-semiconductores.madrimasd.org\/wp-content\/uploads\/2025\/01\/citt-320x463.png 320w, https:\/\/citt-semiconductores.madrimasd.org\/wp-content\/uploads\/2025\/01\/citt-480x694.png 480w\" sizes=\"auto, (max-width: 567px) 100vw, 567px\" \/>\t\t\t\t\t\t\t\t\t\t\t\t\t\t\t<\/div>\n\t\t\t\t<\/div>\n\t\t\t\t\t<\/div>\n\t\t<\/div>\n\t\t\t\t\t\t\t<\/div>\n\t\t<\/section>\n\t\t\t\t<section class=\"elementor-section elementor-top-section elementor-element elementor-element-9aabdb6 elementor-section-boxed elementor-section-height-default elementor-section-height-default\" data-id=\"9aabdb6\" data-element_type=\"section\">\n\t\t\t\t\t\t<div class=\"elementor-container elementor-column-gap-default\">\n\t\t\t\t\t<div class=\"elementor-column elementor-col-33 elementor-top-column elementor-element elementor-element-f053b7b\" data-id=\"f053b7b\" data-element_type=\"column\">\n\t\t\t<div class=\"elementor-widget-wrap elementor-element-populated\">\n\t\t\t\t\t\t\t\t<div class=\"elementor-element elementor-element-b0435fc elementor-align-center elementor-widget elementor-widget-button\" data-id=\"b0435fc\" data-element_type=\"widget\" data-widget_type=\"button.default\">\n\t\t\t\t<div class=\"elementor-widget-container\">\n\t\t\t\t\t<div class=\"elementor-button-wrapper\">\n\t\t\t<a class=\"elementor-button elementor-button-link elementor-size-sm elementor-animation-grow\" href=\"http:\/\/citt-semiconductores.madrimasd.org\/wp-content\/uploads\/2024\/10\/Newsletter-Semiconductores-octubre-2024.pdf\">\n\t\t\t\t\t\t<span class=\"elementor-button-content-wrapper\">\n\t\t\t\t\t\t<span class=\"elementor-button-icon elementor-align-icon-left\">\n\t\t\t\t<i aria-hidden=\"true\" class=\"far fa-newspaper\"><\/i>\t\t\t<\/span>\n\t\t\t\t\t\t<span class=\"elementor-button-text\">Haz clic aqu\u00ed para saber m\u00e1s sobre la Newsletter de octubre<\/span>\n\t\t<\/span>\n\t\t\t\t\t<\/a>\n\t\t<\/div>\n\t\t\t\t<\/div>\n\t\t\t\t<\/div>\n\t\t\t\t\t<\/div>\n\t\t<\/div>\n\t\t\t\t<div class=\"elementor-column elementor-col-33 elementor-top-column elementor-element elementor-element-e8f4892\" data-id=\"e8f4892\" data-element_type=\"column\">\n\t\t\t<div class=\"elementor-widget-wrap elementor-element-populated\">\n\t\t\t\t\t\t\t\t<div class=\"elementor-element elementor-element-3919550 elementor-align-center elementor-widget elementor-widget-button\" data-id=\"3919550\" data-element_type=\"widget\" data-widget_type=\"button.default\">\n\t\t\t\t<div class=\"elementor-widget-container\">\n\t\t\t\t\t<div class=\"elementor-button-wrapper\">\n\t\t\t<a class=\"elementor-button elementor-button-link elementor-size-sm elementor-animation-grow\" href=\"http:\/\/citt-semiconductores.madrimasd.org\/wp-content\/uploads\/2024\/12\/Newsletter-Semiconductores-noviembre-2024.pdf\">\n\t\t\t\t\t\t<span class=\"elementor-button-content-wrapper\">\n\t\t\t\t\t\t<span class=\"elementor-button-icon elementor-align-icon-left\">\n\t\t\t\t<i aria-hidden=\"true\" class=\"far fa-newspaper\"><\/i>\t\t\t<\/span>\n\t\t\t\t\t\t<span class=\"elementor-button-text\">Haz clic aqu\u00ed para saber m\u00e1s sobre la Newsletter de noviembre<\/span>\n\t\t<\/span>\n\t\t\t\t\t<\/a>\n\t\t<\/div>\n\t\t\t\t<\/div>\n\t\t\t\t<\/div>\n\t\t\t\t\t<\/div>\n\t\t<\/div>\n\t\t\t\t<div class=\"elementor-column elementor-col-33 elementor-top-column elementor-element elementor-element-5c73e6c\" data-id=\"5c73e6c\" data-element_type=\"column\">\n\t\t\t<div class=\"elementor-widget-wrap elementor-element-populated\">\n\t\t\t\t\t\t\t\t<div class=\"elementor-element elementor-element-73b5db0 elementor-align-center elementor-widget elementor-widget-button\" data-id=\"73b5db0\" data-element_type=\"widget\" data-widget_type=\"button.default\">\n\t\t\t\t<div class=\"elementor-widget-container\">\n\t\t\t\t\t<div class=\"elementor-button-wrapper\">\n\t\t\t<a class=\"elementor-button elementor-button-link elementor-size-sm elementor-animation-grow\" href=\"http:\/\/citt-semiconductores.madrimasd.org\/wp-content\/uploads\/2025\/01\/Newsletter-Semiconductores-enero-2025.pdf\">\n\t\t\t\t\t\t<span class=\"elementor-button-content-wrapper\">\n\t\t\t\t\t\t<span class=\"elementor-button-icon elementor-align-icon-left\">\n\t\t\t\t<i aria-hidden=\"true\" class=\"far fa-newspaper\"><\/i>\t\t\t<\/span>\n\t\t\t\t\t\t<span class=\"elementor-button-text\">Haz clic aqu\u00ed para saber m\u00e1s sobre la Newsletter de diciembre<\/span>\n\t\t<\/span>\n\t\t\t\t\t<\/a>\n\t\t<\/div>\n\t\t\t\t<\/div>\n\t\t\t\t<\/div>\n\t\t\t\t\t<\/div>\n\t\t<\/div>\n\t\t\t\t\t\t\t<\/div>\n\t\t<\/section>\n\t\t\t\t\t\t\t<\/div>\n\t\t","protected":false},"excerpt":{"rendered":"<p>Haz clic aqu\u00ed para saber m\u00e1s sobre la Newsletter de junio Haz clic aqu\u00ed para saber m\u00e1s sobre la Newsletter de julio Haz clic aqu\u00ed para saber m\u00e1s sobre la Newsletter de septiembre Haz clic aqu\u00ed para saber m\u00e1s sobre la Newsletter de octubre Haz clic aqu\u00ed para saber m\u00e1s sobre la Newsletter de noviembre Haz clic aqu\u00ed para saber m\u00e1s sobre la Newsletter de diciembre<\/p>\n","protected":false},"author":3,"featured_media":0,"parent":0,"menu_order":0,"comment_status":"closed","ping_status":"closed","template":"","meta":{"pmpro_default_level":0,"passster_activate_protection":false,"passster_protect_child_pages":"","passster_protection_type":"password","passster_password":"","passster_activate_overwrite_defaults":"","passster_headline":"","passster_instruction":"","passster_placeholder":"","passster_button":"","passster_id":"","passster_activate_misc_settings":"","passster_redirect_url":"","passster_hide":"no","passster_area_shortcode":"","_mc_calendar":[],"footnotes":""},"class_list":["post-2538","page","type-page","status-publish","hentry","pmpro-has-access"],"blocksy_meta":"","acf":[],"_links":{"self":[{"href":"https:\/\/citt-semiconductores.madrimasd.org\/index.php\/wp-json\/wp\/v2\/pages\/2538","targetHints":{"allow":["GET"]}}],"collection":[{"href":"https:\/\/citt-semiconductores.madrimasd.org\/index.php\/wp-json\/wp\/v2\/pages"}],"about":[{"href":"https:\/\/citt-semiconductores.madrimasd.org\/index.php\/wp-json\/wp\/v2\/types\/page"}],"author":[{"embeddable":true,"href":"https:\/\/citt-semiconductores.madrimasd.org\/index.php\/wp-json\/wp\/v2\/users\/3"}],"replies":[{"embeddable":true,"href":"https:\/\/citt-semiconductores.madrimasd.org\/index.php\/wp-json\/wp\/v2\/comments?post=2538"}],"version-history":[{"count":48,"href":"https:\/\/citt-semiconductores.madrimasd.org\/index.php\/wp-json\/wp\/v2\/pages\/2538\/revisions"}],"predecessor-version":[{"id":2655,"href":"https:\/\/citt-semiconductores.madrimasd.org\/index.php\/wp-json\/wp\/v2\/pages\/2538\/revisions\/2655"}],"wp:attachment":[{"href":"https:\/\/citt-semiconductores.madrimasd.org\/index.php\/wp-json\/wp\/v2\/media?parent=2538"}],"curies":[{"name":"wp","href":"https:\/\/api.w.org\/{rel}","templated":true}]}}