{"id":23,"date":"2023-06-15T11:07:42","date_gmt":"2023-06-15T11:07:42","guid":{"rendered":"http:\/\/citt-humanidadesdigitales.madrimasd.org\/?page_id=23"},"modified":"2023-11-14T12:52:19","modified_gmt":"2023-11-14T12:52:19","slug":"por-que-unirse-al-cluster","status":"publish","type":"page","link":"https:\/\/citt-semiconductores.madrimasd.org\/index.php\/home\/por-que-unirse-al-cluster\/","title":{"rendered":""},"content":{"rendered":"<div class=\"vce-row-container\" data-vce-boxed-width=\"true\"><div class=\"vce-row vce-row--col-gap-30 vce-row-equal-height vce-row-content--top\" id=\"el-d28a390d\" data-vce-do-apply=\"all el-d28a390d\"><div class=\"vce-content-background-container\"><\/div><div class=\"vce-row-content\" data-vce-element-content=\"true\"><div class=\"vce-col vce-col--md-auto vce-col--xs-1 vce-col--xs-last vce-col--xs-first vce-col--sm-last vce-col--sm-first vce-col--md-last vce-col--lg-last vce-col--xl-last vce-col--md-first vce-col--lg-first vce-col--xl-first\" id=\"el-7edc2c27\"><div class=\"vce-col-inner\" data-vce-do-apply=\"border margin background  el-7edc2c27\"><div class=\"vce-col-content\" data-vce-element-content=\"true\" data-vce-do-apply=\"padding el-7edc2c27\"><div class=\"vce-row-container\" data-vce-boxed-width=\"true\"><div class=\"vce-row vce-row--col-gap-30 vce-row-equal-height vce-row-content--top\" id=\"el-0b09c986\" data-vce-do-apply=\"all el-0b09c986\"><div class=\"vce-row-content\" data-vce-element-content=\"true\"><div class=\"vce-col vce-col--md-auto vce-col--xs-1 vce-col--xs-last vce-col--xs-first vce-col--sm-last vce-col--sm-first vce-col--md-last vce-col--lg-last vce-col--xl-last vce-col--md-first vce-col--lg-first vce-col--xl-first\" id=\"el-903a75b5\"><div class=\"vce-col-inner\" data-vce-do-apply=\"border margin background  el-903a75b5\"><div class=\"vce-col-content\" data-vce-element-content=\"true\" data-vce-do-apply=\"padding el-903a75b5\"><div class=\"vce vce-separator-with-title-container vce-separator-with-title--align-center\" id=\"el-754914ef\" data-vce-do-apply=\"margin el-754914ef\"><div class=\"vce-separator-with-title vce-separator-with-title--color-bfc0c1 vce-separator-with-title--width-60\" data-vce-do-apply=\"border padding background  el-754914ef\"><div class=\"vce-separator-with-title--line vce-separator-with-title--line--style-solid vce-separator-with-title-line--thickness-1 vce-separator-with-title--line-left\"><\/div><h3 class=\"vce-separator-with-title--title vce-separator-with-title--title--color-b-62-61-61\">\u00bfPor qu\u00e9 unirse al cl\u00faster?<\/h3><div class=\"vce-separator-with-title--line vce-separator-with-title--line--style-solid vce-separator-with-title-line--thickness-1 vce-separator-with-title--line-right\"><\/div><\/div><\/div><\/div><\/div><\/div><\/div><\/div><\/div><\/div><\/div><\/div><\/div><\/div><\/div><div class=\"vce-row-container\" data-vce-boxed-width=\"true\"><div class=\"vce-row vce-row--col-gap-30 vce-row-equal-height vce-row-content--top\" id=\"el-c48ea2cd\" data-vce-do-apply=\"all el-c48ea2cd\"><div class=\"vce-content-background-container\"><\/div><div class=\"vce-row-content\" data-vce-element-content=\"true\"><div class=\"vce-col vce-col--md-auto vce-col--xs-1 vce-col--xs-last vce-col--xs-first vce-col--sm-last vce-col--sm-first vce-col--md-last vce-col--lg-last vce-col--xl-last vce-col--md-first vce-col--lg-first vce-col--xl-first\" id=\"el-590af804\"><div class=\"vce-col-inner\" data-vce-do-apply=\"border margin background  el-590af804\"><div class=\"vce-col-content\" data-vce-element-content=\"true\" data-vce-do-apply=\"padding el-590af804\"><div class=\"vce-text-block\"><div class=\"vce-text-block-wrapper vce\" id=\"el-60b61f33\" data-vce-do-apply=\"all el-60b61f33\"><p style=\"text-align: justify; line-height: 1.5;\"><span style=\"font-size: 14pt;\"> El cl\u00faster de semiconductores ofrece una plataforma colaborativa donde empresas, investigadores y profesionales del sector pueden conectarse, compartir conocimientos y experiencias, y colaborar en proyectos conjuntos. Al unirse al cl\u00faster, se obtiene acceso a una red diversa y especializada que fomenta la innovaci\u00f3n y el desarrollo tecnol\u00f3gico.<\/span><\/p><p style=\"text-align: left;\"><span style=\"font-size: 14pt;\">En el Cl\u00faster de semiconductores todos los agentes que intervienen en alg\u00fan punto de la cadena de valor tienen cabida:<\/span><\/p><ul style=\"text-align: left;\"><li><span style=\"font-size: 14pt;\">Contribuyendo al proceso de I+D+I en las tres primeras fases de la cadena de valor.<\/span><\/li><li><span style=\"font-size: 14pt;\">Generando y capturando talento especializado, desde el dise\u00f1o del chip hasta su integraci\u00f3n en productos finales.<\/span><\/li><\/ul><p style=\"text-align: left;\">&nbsp;<\/p><\/div><\/div><div class=\"vce-row-container\" data-vce-boxed-width=\"true\"><div class=\"vce-row vce-row--col-gap-30 vce-row-equal-height vce-row-content--top\" id=\"el-f015ac5e\" data-vce-do-apply=\"all el-f015ac5e\"><div class=\"vce-row-content\" data-vce-element-content=\"true\"><div class=\"vce-col vce-col--md-auto vce-col--xs-1 vce-col--xs-last vce-col--xs-first vce-col--sm-last vce-col--sm-first vce-col--md-first vce-col--lg-first vce-col--xl-first\" id=\"el-844becfc\"><div class=\"vce-col-inner\" data-vce-do-apply=\"border margin background  el-844becfc\"><div class=\"vce-col-content\" data-vce-element-content=\"true\" data-vce-do-apply=\"padding el-844becfc\"><div class=\"vce-features vce-var-icon vce-features--style-filled-circle vce-features--size-small\" style=\"--iconAlignment: center; --iconColor: #fff; --iconColorHover: #fff; --shapeColor: rgb(184, 46, 36); --shapeColorHover: rgb(184, 46, 36); --linkColorHover: rgb(165,41,32);\"><div id=\"el-1564ecad\" class=\"vce vce-features-icon-wrapper\" data-vce-do-apply=\"all el-1564ecad\"><div class=\"vce-features--icon vce-icon\"><svg xmlns=\"https:\/\/www.w3.org\/2000\/svg\" viewBox=\"0 0 769 769\"><path stroke-width=\"25\" d=\"M565.755 696.27h-360l-180-311.77 180-311.77h360l180 311.77z\"><\/path><\/svg><span class=\"vce-icon-container fas fa-edit\"><\/span><\/div><\/div><\/div><\/div><\/div><\/div><div class=\"vce-col vce-col--md-auto vce-col--xs-1 vce-col--xs-last vce-col--xs-first vce-col--sm-last vce-col--sm-first\" id=\"el-175aadd9\"><div class=\"vce-col-inner\" data-vce-do-apply=\"border margin background  el-175aadd9\"><div class=\"vce-col-content\" data-vce-element-content=\"true\" data-vce-do-apply=\"padding el-175aadd9\"><div class=\"vce-features vce-var-icon vce-features--style-filled-circle vce-features--size-small\" style=\"--iconAlignment: center; --iconColor: #fff; --iconColorHover: #fff; --shapeColor: rgb(184, 46, 36); --shapeColorHover: rgb(184, 46, 36); --linkColorHover: rgb(165,41,32);\"><div id=\"el-81a9b9e0\" class=\"vce vce-features-icon-wrapper\" data-vce-do-apply=\"all el-81a9b9e0\"><div class=\"vce-features--icon vce-icon\"><svg xmlns=\"https:\/\/www.w3.org\/2000\/svg\" viewBox=\"0 0 769 769\"><path stroke-width=\"25\" d=\"M565.755 696.27h-360l-180-311.77 180-311.77h360l180 311.77z\"><\/path><\/svg><span class=\"vce-icon-container fas fa-hard-hat\"><\/span><\/div><\/div><\/div><\/div><\/div><\/div><div class=\"vce-col vce-col--md-auto vce-col--xs-1 vce-col--xs-last vce-col--xs-first vce-col--sm-last vce-col--sm-first\" id=\"el-d6d34e72\"><div class=\"vce-col-inner\" data-vce-do-apply=\"border margin background  el-d6d34e72\"><div class=\"vce-col-content\" data-vce-element-content=\"true\" data-vce-do-apply=\"padding el-d6d34e72\"><div class=\"vce-features vce-var-icon vce-features--style-filled-circle vce-features--size-small\" style=\"--iconAlignment: center; --iconColor: #fff; --iconColorHover: #fff; --shapeColor: rgb(184, 46, 36); --shapeColorHover: rgb(184, 46, 36); --linkColorHover: rgb(165,41,32);\"><div id=\"el-9fc76693\" class=\"vce vce-features-icon-wrapper\" data-vce-do-apply=\"all el-9fc76693\"><div class=\"vce-features--icon vce-icon\"><svg xmlns=\"https:\/\/www.w3.org\/2000\/svg\" viewBox=\"0 0 769 769\"><path stroke-width=\"25\" d=\"M565.755 696.27h-360l-180-311.77 180-311.77h360l180 311.77z\"><\/path><\/svg><span class=\"vce-icon-container fas fa-dolly\"><\/span><\/div><\/div><\/div><\/div><\/div><\/div><div class=\"vce-col vce-col--md-auto vce-col--xs-1 vce-col--xs-last vce-col--xs-first vce-col--sm-last vce-col--sm-first vce-col--md-last vce-col--lg-last vce-col--xl-last\" id=\"el-77414dec\"><div class=\"vce-col-inner\" data-vce-do-apply=\"border margin background  el-77414dec\"><div class=\"vce-col-content\" data-vce-element-content=\"true\" data-vce-do-apply=\"padding el-77414dec\"><div class=\"vce-features vce-var-icon vce-features--style-filled-circle vce-features--size-small\" style=\"--iconAlignment: center; --iconColor: #fff; --iconColorHover: #fff; --shapeColor: rgb(184, 46, 36); --shapeColorHover: rgb(184, 46, 36); --linkColorHover: rgb(165,41,32);\"><div id=\"el-11985e5f\" class=\"vce vce-features-icon-wrapper\" data-vce-do-apply=\"all el-11985e5f\"><div class=\"vce-features--icon vce-icon\"><svg xmlns=\"https:\/\/www.w3.org\/2000\/svg\" viewBox=\"0 0 769 769\"><path stroke-width=\"25\" d=\"M565.755 696.27h-360l-180-311.77 180-311.77h360l180 311.77z\"><\/path><\/svg><span class=\"vce-icon-container fas fa-toggle-on\"><\/span><\/div><\/div><\/div><\/div><\/div><\/div><\/div><\/div><\/div><div class=\"vce-row-container\" data-vce-boxed-width=\"true\"><div class=\"vce-row vce-row--col-gap-30 vce-row-equal-height vce-row-content--top\" id=\"el-3f1ccc57\" data-vce-do-apply=\"all el-3f1ccc57\"><div class=\"vce-row-content\" data-vce-element-content=\"true\"><div class=\"vce-col vce-col--md-auto vce-col--xs-1 vce-col--xs-last vce-col--xs-first vce-col--sm-last vce-col--sm-first vce-col--md-first vce-col--lg-first vce-col--xl-first\" id=\"el-b0dca113\"><div class=\"vce-col-inner\" data-vce-do-apply=\"border margin background  el-b0dca113\"><div class=\"vce-col-content\" data-vce-element-content=\"true\" data-vce-do-apply=\"padding el-b0dca113\"><div class=\"vce-text-block\"><div class=\"vce-text-block-wrapper vce\" id=\"el-bdbb69b3\" data-vce-do-apply=\"all el-bdbb69b3\"><h4 style=\"text-align: left;\"><span style=\"font-size: 16pt;\"><strong>01 - Dise\u00f1o CHIP&nbsp; &nbsp; &nbsp; &nbsp; &nbsp; &nbsp; &nbsp; &nbsp; &nbsp; &nbsp; &nbsp; &nbsp; &nbsp; &nbsp; &nbsp; &nbsp; &nbsp; &nbsp; &nbsp; &nbsp; &nbsp; &nbsp; &nbsp; &nbsp; &nbsp; &nbsp; &nbsp;&nbsp;<\/strong><\/span><\/h4><p><span style=\"font-size: 14pt;\"><em>Fabless<\/em><em>, <\/em>encargados del dise\u00f1o a trav\u00e9s de un proceso cont\u00ednuo de innovaci\u00f3n<\/span><\/p><\/div><\/div><\/div><\/div><\/div><div class=\"vce-col vce-col--md-auto vce-col--xs-1 vce-col--xs-last vce-col--xs-first vce-col--sm-last vce-col--sm-first\" id=\"el-0a892b4d\"><div class=\"vce-col-inner\" data-vce-do-apply=\"border margin background  el-0a892b4d\"><div class=\"vce-col-content\" data-vce-element-content=\"true\" data-vce-do-apply=\"padding el-0a892b4d\"><div class=\"vce-text-block\"><div class=\"vce-text-block-wrapper vce\" id=\"el-9e9b8c31\" data-vce-do-apply=\"all el-9e9b8c31\"><h4 style=\"text-align: left;\"><span style=\"font-size: 16pt;\"><strong>01 - Fabricaci\u00f3n&nbsp; &nbsp; &nbsp; &nbsp; &nbsp; &nbsp; &nbsp; &nbsp; &nbsp; &nbsp; &nbsp; &nbsp; &nbsp; &nbsp; &nbsp; &nbsp; &nbsp; &nbsp; &nbsp; &nbsp; &nbsp; &nbsp; &nbsp; &nbsp; &nbsp; &nbsp;<\/strong><\/span><\/h4><p><span style=\"font-size: 14pt;\"><em>Foundries<\/em><em>,&nbsp;<\/em>expertos en la producci\u00f3n de semiconductores a gran escala&nbsp;<\/span><\/p><\/div><\/div><\/div><\/div><\/div><div class=\"vce-col vce-col--md-auto vce-col--xs-1 vce-col--xs-last vce-col--xs-first vce-col--sm-last vce-col--sm-first\" id=\"el-41c9a942\"><div class=\"vce-col-inner\" data-vce-do-apply=\"border margin background  el-41c9a942\"><div class=\"vce-col-content\" data-vce-element-content=\"true\" data-vce-do-apply=\"padding el-41c9a942\"><div class=\"vce-text-block\"><div class=\"vce-text-block-wrapper vce\" id=\"el-e42a1ae1\" data-vce-do-apply=\"all el-e42a1ae1\"><h4 style=\"text-align: left;\"><span style=\"font-size: 16pt;\"><strong>03 - Prueba y encapsulado&nbsp; &nbsp; &nbsp; &nbsp; &nbsp; &nbsp; &nbsp; &nbsp; &nbsp; &nbsp; &nbsp; &nbsp; &nbsp; &nbsp; &nbsp; &nbsp; &nbsp; &nbsp; &nbsp; &nbsp; &nbsp; &nbsp; &nbsp; &nbsp; &nbsp; &nbsp;<\/strong><\/span><\/h4><p><span style=\"font-size: 14pt;\"><em>OAST, <\/em>subcontratas especializadas en la prueba y encapsulado de semiconductores&nbsp;<\/span><\/p><\/div><\/div><\/div><\/div><\/div><div class=\"vce-col vce-col--md-auto vce-col--xs-1 vce-col--xs-last vce-col--xs-first vce-col--sm-last vce-col--sm-first vce-col--md-last vce-col--lg-last vce-col--xl-last\" id=\"el-5b901d43\"><div class=\"vce-col-inner\" data-vce-do-apply=\"border margin background  el-5b901d43\"><div class=\"vce-col-content\" data-vce-element-content=\"true\" data-vce-do-apply=\"padding el-5b901d43\"><div class=\"vce-text-block\"><div class=\"vce-text-block-wrapper vce\" id=\"el-11b36cef\" data-vce-do-apply=\"all el-11b36cef\"><h4 style=\"text-align: left;\"><span style=\"font-size: 16pt;\"><strong>04 - Integrador Tecnol\u00f3gico&nbsp; &nbsp; &nbsp; &nbsp; &nbsp; &nbsp; &nbsp; &nbsp; &nbsp; &nbsp; &nbsp; &nbsp; &nbsp; &nbsp; &nbsp; &nbsp; &nbsp; &nbsp; &nbsp; &nbsp; &nbsp; &nbsp; &nbsp; &nbsp; &nbsp; &nbsp;<\/strong><\/span><\/h4><p><span style=\"font-size: 14pt;\">Usuarios fabricantes de componentes para su incorporaci\u00f3n en productos finales<\/span><\/p><\/div><\/div><\/div><\/div><\/div><\/div><\/div><\/div><\/div><\/div><\/div><\/div><\/div><\/div><div class=\"vce-row-container\" data-vce-boxed-width=\"true\"><div class=\"vce-row vce-row--col-gap-30 vce-row-equal-height vce-row-content--bottom\" id=\"el-bc59fb5d\" data-vce-do-apply=\"all el-bc59fb5d\"><div class=\"vce-content-background-container\"><\/div><div class=\"vce-row-content\" data-vce-element-content=\"true\"><div class=\"vce-col vce-col--md-25p vce-col--xs-1 vce-col--xs-last vce-col--xs-first vce-col--sm-last vce-col--sm-first vce-col--md-first vce-col--lg-first vce-col--xl-first\" id=\"el-08b59474\"><div class=\"vce-col-inner\" data-vce-do-apply=\"border margin background  el-08b59474\"><div class=\"vce-col-content\" data-vce-element-content=\"true\" data-vce-do-apply=\"padding el-08b59474\"><div class=\"vce-simple-image-slider\" style=\"--backgroundPosition: center center; --pointerColor: #fff; --pointerColorHover: #fd9a00;\"><div class=\"vce-simple-image-slider-wrapper vce\" id=\"el-5c5b700e\" data-vce-do-apply=\"all el-5c5b700e\"><div class=\"vce-simple-image-slider-helper vce-simple-image-slider-aspect-ratio--3-4\"><div class=\"vce-simple-image-slider-list\" data-slick-autoplay=\"on\" data-slick-autoplay-delay=\"5000\" data-slick-effect=\"slideIn\" data-slick-dots=\"on\" data-slick-arrows=\"off\"><div class=\"slick-list\"><div class=\"slick-track\"><div class=\"vce-simple-image-slider-item vc-slick-item\"><div style=\"background-image:url(https:\/\/citt-semiconductores.madrimasd.org\/wp-content\/uploads\/2023\/07\/foto1.jpg)\" class=\"vce-simple-image-slider-img vce-simple-image-slider-img--scale\"><img decoding=\"async\" class=\"\" src=\"https:\/\/citt-semiconductores.madrimasd.org\/wp-content\/uploads\/2023\/07\/foto1.jpg\" style=\"opacity:0\" alt=\"\"><\/div><\/div><\/div><\/div><\/div><div class=\"vce-simple-image-slider-dots\"><\/div><\/div><\/div><\/div><\/div><\/div><\/div><div class=\"vce-col vce-col--md-25p vce-col--xs-1 vce-col--xs-last vce-col--xs-first vce-col--sm-last vce-col--sm-first\" id=\"el-7ad48eba\"><div class=\"vce-col-inner\" data-vce-do-apply=\"border margin background  el-7ad48eba\"><div class=\"vce-col-content\" data-vce-element-content=\"true\" data-vce-do-apply=\"padding el-7ad48eba\"><div class=\"vce-simple-image-slider\" style=\"--backgroundPosition: center center; --pointerColor: #fff; --pointerColorHover: #fd9a00;\"><div class=\"vce-simple-image-slider-wrapper vce\" id=\"el-b653f473\" data-vce-do-apply=\"all el-b653f473\"><div class=\"vce-simple-image-slider-helper vce-simple-image-slider-aspect-ratio--3-4\"><div class=\"vce-simple-image-slider-list\" data-slick-autoplay=\"on\" data-slick-autoplay-delay=\"5000\" data-slick-effect=\"slideIn\" data-slick-dots=\"on\" data-slick-arrows=\"off\"><div class=\"slick-list\"><div class=\"slick-track\"><div class=\"vce-simple-image-slider-item vc-slick-item\"><div style=\"background-image:url(https:\/\/citt-semiconductores.madrimasd.org\/wp-content\/uploads\/2023\/07\/foto2.jpg)\" class=\"vce-simple-image-slider-img vce-simple-image-slider-img--scale\"><img decoding=\"async\" class=\"\" src=\"https:\/\/citt-semiconductores.madrimasd.org\/wp-content\/uploads\/2023\/07\/foto2.jpg\" style=\"opacity:0\" alt=\"\"><\/div><\/div><\/div><\/div><\/div><div class=\"vce-simple-image-slider-dots\"><\/div><\/div><\/div><\/div><\/div><\/div><\/div><div class=\"vce-col vce-col--md-25p vce-col--xs-1 vce-col--xs-last vce-col--xs-first vce-col--sm-last vce-col--sm-first\" id=\"el-99a9a4e2\"><div class=\"vce-col-inner\" data-vce-do-apply=\"border margin background  el-99a9a4e2\"><div class=\"vce-col-content\" data-vce-element-content=\"true\" data-vce-do-apply=\"padding el-99a9a4e2\"><div class=\"vce-simple-image-slider\" style=\"--backgroundPosition: center center; --pointerColor: #fff; --pointerColorHover: #fd9a00;\"><div class=\"vce-simple-image-slider-wrapper vce\" id=\"el-31bfbe22\" data-vce-do-apply=\"all el-31bfbe22\"><div class=\"vce-simple-image-slider-helper vce-simple-image-slider-aspect-ratio--3-4\"><div class=\"vce-simple-image-slider-list\" data-slick-autoplay=\"on\" data-slick-autoplay-delay=\"5000\" data-slick-effect=\"slideIn\" data-slick-dots=\"on\" data-slick-arrows=\"off\"><div class=\"slick-list\"><div class=\"slick-track\"><div class=\"vce-simple-image-slider-item vc-slick-item\"><div style=\"background-image:url(https:\/\/citt-semiconductores.madrimasd.org\/wp-content\/uploads\/2023\/07\/Picture17-1.png)\" class=\"vce-simple-image-slider-img vce-simple-image-slider-img--scale\"><img decoding=\"async\" class=\"\" src=\"https:\/\/citt-semiconductores.madrimasd.org\/wp-content\/uploads\/2023\/07\/Picture17-1.png\" style=\"opacity:0\" alt=\"\"><\/div><\/div><\/div><\/div><\/div><div class=\"vce-simple-image-slider-dots\"><\/div><\/div><\/div><\/div><\/div><\/div><\/div><div class=\"vce-col vce-col--md-25p vce-col--xs-1 vce-col--xs-last vce-col--xs-first vce-col--sm-last vce-col--sm-first vce-col--md-last vce-col--lg-last vce-col--xl-last\" id=\"el-a6757998\"><div class=\"vce-col-inner\" data-vce-do-apply=\"border margin background  el-a6757998\"><div class=\"vce-col-content\" data-vce-element-content=\"true\" data-vce-do-apply=\"padding el-a6757998\"><div class=\"vce-simple-image-slider\" style=\"--backgroundPosition: center center; --pointerColor: #fff; --pointerColorHover: #fd9a00;\"><div class=\"vce-simple-image-slider-wrapper vce\" id=\"el-76fb338b\" data-vce-do-apply=\"all el-76fb338b\"><div class=\"vce-simple-image-slider-helper vce-simple-image-slider-aspect-ratio--3-4\"><div class=\"vce-simple-image-slider-list\" data-slick-autoplay=\"on\" data-slick-autoplay-delay=\"5000\" data-slick-effect=\"slideIn\" data-slick-dots=\"on\" data-slick-arrows=\"off\"><div class=\"slick-list\"><div class=\"slick-track\"><div class=\"vce-simple-image-slider-item vc-slick-item\"><div style=\"background-image:url(https:\/\/citt-semiconductores.madrimasd.org\/wp-content\/uploads\/2023\/07\/Picture21.jpg)\" class=\"vce-simple-image-slider-img vce-simple-image-slider-img--scale\"><img decoding=\"async\" class=\"\" src=\"https:\/\/citt-semiconductores.madrimasd.org\/wp-content\/uploads\/2023\/07\/Picture21.jpg\" style=\"opacity:0\" alt=\"\"><\/div><\/div><\/div><\/div><\/div><div class=\"vce-simple-image-slider-dots\"><\/div><\/div><\/div><\/div><\/div><\/div><\/div><\/div><\/div><\/div>\n","protected":false},"excerpt":{"rendered":"<p>\u00bfPor qu\u00e9 unirse al cl\u00faster? El cl\u00faster de semiconductores ofrece una plataforma colaborativa donde empresas, investigadores y profesionales del sector pueden conectarse, compartir conocimientos y experiencias, y colaborar en proyectos conjuntos. Al unirse al cl\u00faster, se obtiene acceso a una red diversa y especializada que fomenta la innovaci\u00f3n y el desarrollo tecnol\u00f3gico.En el Cl\u00faster de semiconductores todos los agentes que intervienen en alg\u00fan punto de la cadena de valor tienen cabida:Contribuyendo al proceso de I+D+I en las tres primeras fases de la cadena de valor.Generando y capturando talento especializado, desde el dise\u00f1o del chip hasta su integraci\u00f3n en productos finales.&nbsp;01\u2026<\/p>\n","protected":false},"author":3,"featured_media":0,"parent":5,"menu_order":3,"comment_status":"closed","ping_status":"closed","template":"","meta":{"pmpro_default_level":0,"passster_activate_protection":false,"passster_protect_child_pages":"","passster_protection_type":"password","passster_password":"","passster_activate_overwrite_defaults":"","passster_headline":"","passster_instruction":"","passster_placeholder":"","passster_button":"","passster_id":"","passster_activate_misc_settings":"","passster_redirect_url":"","passster_hide":"no","passster_area_shortcode":"","_mc_calendar":[],"footnotes":""},"class_list":["post-23","page","type-page","status-publish","hentry","pmpro-has-access"],"blocksy_meta":"","acf":[],"_links":{"self":[{"href":"https:\/\/citt-semiconductores.madrimasd.org\/index.php\/wp-json\/wp\/v2\/pages\/23","targetHints":{"allow":["GET"]}}],"collection":[{"href":"https:\/\/citt-semiconductores.madrimasd.org\/index.php\/wp-json\/wp\/v2\/pages"}],"about":[{"href":"https:\/\/citt-semiconductores.madrimasd.org\/index.php\/wp-json\/wp\/v2\/types\/page"}],"author":[{"embeddable":true,"href":"https:\/\/citt-semiconductores.madrimasd.org\/index.php\/wp-json\/wp\/v2\/users\/3"}],"replies":[{"embeddable":true,"href":"https:\/\/citt-semiconductores.madrimasd.org\/index.php\/wp-json\/wp\/v2\/comments?post=23"}],"version-history":[{"count":56,"href":"https:\/\/citt-semiconductores.madrimasd.org\/index.php\/wp-json\/wp\/v2\/pages\/23\/revisions"}],"predecessor-version":[{"id":1951,"href":"https:\/\/citt-semiconductores.madrimasd.org\/index.php\/wp-json\/wp\/v2\/pages\/23\/revisions\/1951"}],"up":[{"embeddable":true,"href":"https:\/\/citt-semiconductores.madrimasd.org\/index.php\/wp-json\/wp\/v2\/pages\/5"}],"wp:attachment":[{"href":"https:\/\/citt-semiconductores.madrimasd.org\/index.php\/wp-json\/wp\/v2\/media?parent=23"}],"curies":[{"name":"wp","href":"https:\/\/api.w.org\/{rel}","templated":true}]}}