{"id":2101,"date":"2024-01-17T12:33:04","date_gmt":"2024-01-17T12:33:04","guid":{"rendered":"https:\/\/citt-semiconductores.madrimasd.org\/?page_id=2101"},"modified":"2026-02-06T14:13:59","modified_gmt":"2026-02-06T14:13:59","slug":"convocatorias-internacionales","status":"publish","type":"page","link":"https:\/\/citt-semiconductores.madrimasd.org\/index.php\/convocatorias-internacionales\/","title":{"rendered":""},"content":{"rendered":"<div class=\"vce-row-container\" data-vce-boxed-width=\"true\"><div class=\"vce-row vce-row--col-gap-30 vce-row-equal-height vce-row-content--top\" id=\"el-d07830ab\" data-vce-do-apply=\"all el-d07830ab\"><div class=\"vce-content-background-container\"><\/div><div class=\"vce-row-content\" data-vce-element-content=\"true\"><div class=\"vce-col vce-col--md-13p vce-col--xs-1 vce-col--xs-last vce-col--xs-first vce-col--sm-last vce-col--sm-first vce-col--md-first vce-col--lg-first vce-col--xl-first\" id=\"el-192c2cc9\"><div class=\"vce-col-inner\" data-vce-do-apply=\"border margin background  el-192c2cc9\"><div class=\"vce-col-content\" data-vce-element-content=\"true\" data-vce-do-apply=\"padding el-192c2cc9\"><div class=\"vce-text-block\"><div class=\"vce-text-block-wrapper vce\" id=\"el-eb8264a5\" data-vce-do-apply=\"all el-eb8264a5\"><h1 style=\"text-align: center;\"><strong><span style=\"font-size: 18pt;\">\u00c1mbito<\/span><\/strong><\/h1><\/div><\/div><\/div><\/div><\/div><div class=\"vce-col vce-col--md-51p vce-col--xs-1 vce-col--xs-last vce-col--xs-first vce-col--sm-last vce-col--sm-first\" id=\"el-1af043f2\"><div class=\"vce-col-inner\" data-vce-do-apply=\"border margin background  el-1af043f2\"><div class=\"vce-col-content\" data-vce-element-content=\"true\" data-vce-do-apply=\"padding el-1af043f2\"><div class=\"vce-text-block\"><div class=\"vce-text-block-wrapper vce\" id=\"el-54601b6c\" data-vce-do-apply=\"all el-54601b6c\"><h1 style=\"text-align: center;\"><strong><span style=\"font-size: 18pt; color: #000000;\">Convocatoria<\/span><\/strong><\/h1><\/div><\/div><\/div><\/div><\/div><div class=\"vce-col vce-col--md-16p vce-col--xs-1 vce-col--xs-last vce-col--xs-first vce-col--sm-last vce-col--sm-first\" id=\"el-6b22614b\"><div class=\"vce-col-inner\" data-vce-do-apply=\"border margin background  el-6b22614b\"><div class=\"vce-col-content\" data-vce-element-content=\"true\" data-vce-do-apply=\"padding el-6b22614b\"><div class=\"vce-text-block\"><div class=\"vce-text-block-wrapper vce\" id=\"el-9351294b\" data-vce-do-apply=\"all el-9351294b\"><h1 style=\"text-align: center;\"><span style=\"font-size: 21.3333px;\">Fecha de cierre<\/span><\/h1><\/div><\/div><\/div><\/div><\/div><div class=\"vce-col vce-col--md-auto vce-col--xs-1 vce-col--xs-last vce-col--xs-first vce-col--sm-last vce-col--sm-first vce-col--md-last vce-col--lg-last vce-col--xl-last\" id=\"el-73852cb8\"><div class=\"vce-col-inner\" data-vce-do-apply=\"border margin background  el-73852cb8\"><div class=\"vce-col-content\" data-vce-element-content=\"true\" data-vce-do-apply=\"padding el-73852cb8\"><div class=\"vce-text-block\"><div class=\"vce-text-block-wrapper vce\" id=\"el-d3443095\" data-vce-do-apply=\"all el-d3443095\"><h1 style=\"text-align: center;\"><span style=\"font-size: 16pt;\"><strong>M\u00e1s informaci\u00f3n<\/strong><\/span><\/h1><\/div><\/div><\/div><\/div><\/div><\/div><\/div><\/div><div class=\"vce-row-container\" data-vce-boxed-width=\"true\"><div class=\"vce-row vce-row--col-gap-30 vce-row-equal-height vce-row-content--top\" id=\"el-418087bf\" data-vce-do-apply=\"all el-418087bf\"><div class=\"vce-content-background-container\"><\/div><div class=\"vce-row-content\" data-vce-element-content=\"true\"><div class=\"vce-col vce-col--md-auto vce-col--xs-1 vce-col--xs-last vce-col--xs-first vce-col--sm-last vce-col--sm-first vce-col--md-last vce-col--lg-last vce-col--xl-last vce-col--md-first vce-col--lg-first vce-col--xl-first\" id=\"el-cca49651\"><div class=\"vce-col-inner\" data-vce-do-apply=\"border margin background  el-cca49651\"><div class=\"vce-col-content\" data-vce-element-content=\"true\" data-vce-do-apply=\"padding el-cca49651\"><div class=\"vce vce-separator-container vce-separator--align-center vce-separator--style-dashed\" id=\"el-ac1257b4\" data-vce-do-apply=\"margin el-ac1257b4\"><div class=\"vce-separator vce-separator--color-b-33-33-33 vce-separator--width-100 vce-separator--thickness-1\" data-vce-do-apply=\"border padding background  el-ac1257b4\"><\/div><\/div><\/div><\/div><\/div><\/div><\/div><\/div><div class=\"vce-row-container\" data-vce-boxed-width=\"true\"><div class=\"vce-row vce-row--col-gap-30 vce-row-equal-height vce-row-content--top\" id=\"el-5b2404e1\" data-vce-do-apply=\"all el-5b2404e1\"><div class=\"vce-row-content\" data-vce-element-content=\"true\"><div class=\"vce-col vce-col--md-auto vce-col--xs-1 vce-col--xs-last vce-col--xs-first vce-col--sm-last vce-col--sm-first vce-col--md-last vce-col--lg-last vce-col--xl-last vce-col--md-first vce-col--lg-first vce-col--xl-first\" id=\"el-47b2dbd6\"><div class=\"vce-col-inner\" data-vce-do-apply=\"border margin background  el-47b2dbd6\"><div class=\"vce-col-content\" data-vce-element-content=\"true\" data-vce-do-apply=\"padding el-47b2dbd6\"><div class=\"vce-row-container\" data-vce-boxed-width=\"true\"><div class=\"vce-row vce-row--col-gap-30 vce-row-equal-height vce-row-content--top\" id=\"el-d4306f89\" data-vce-do-apply=\"all el-d4306f89\"><div class=\"vce-content-background-container\"><\/div><div class=\"vce-row-content\" data-vce-element-content=\"true\"><div class=\"vce-col vce-col--md-13p vce-col--xs-1 vce-col--xs-last vce-col--xs-first vce-col--sm-last vce-col--sm-first vce-col--md-first vce-col--lg-first vce-col--xl-first\" id=\"el-ac3d6b9c\"><div class=\"vce-col-inner\" data-vce-do-apply=\"border margin background  el-ac3d6b9c\"><div class=\"vce-col-content\" data-vce-element-content=\"true\" data-vce-do-apply=\"padding el-ac3d6b9c\"><div class=\"vce-single-image-container vce-single-image--align-left\"><div class=\"vce vce-single-image-wrapper\" id=\"el-74819a1b\" data-vce-do-apply=\"all el-74819a1b\"><figure><div class=\"vce-single-image-figure-inner\" style=\"width: 234px;\"><div class=\"vce-single-image-inner vce-single-image--absolute\" style=\"width: 100%; padding-bottom: 32.0513%;\"><img loading=\"lazy\" decoding=\"async\" class=\"vce-single-image\"  width=\"234\" height=\"75\" srcset=\"https:\/\/citt-semiconductores.madrimasd.org\/wp-content\/uploads\/2026\/02\/europa-234x75.png 234w\" src=\"https:\/\/citt-semiconductores.madrimasd.org\/wp-content\/uploads\/2026\/02\/europa-234x75.png\" data-img-src=\"https:\/\/citt-semiconductores.madrimasd.org\/wp-content\/uploads\/2024\/01\/europa.png\" data-attachment-id=\"2113\"  alt=\"\" title=\"europa\" \/><\/div><\/div><figcaption hidden=\"\"><\/figcaption><\/figure><\/div><\/div><\/div><\/div><\/div><div class=\"vce-col vce-col--md-51p vce-col--xs-1 vce-col--xs-last vce-col--xs-first vce-col--sm-last vce-col--sm-first\" id=\"el-d569222a\"><div class=\"vce-col-inner\" data-vce-do-apply=\"border margin background  el-d569222a\"><div class=\"vce-col-content\" data-vce-element-content=\"true\" data-vce-do-apply=\"padding el-d569222a\"><div class=\"vce-text-block\"><div class=\"vce-text-block-wrapper vce\" id=\"el-dd641ecd\" data-vce-do-apply=\"all el-dd641ecd\"><h1><span style=\"font-size: 16pt;\">Estandarizaci\u00f3n Cu\u00e1ntica y Semiconductores (DIGITAL-JU-CHIPS-2025)<\/span><\/h1>\n<p style=\"text-align: justify;\">Apoyo para la creaci\u00f3n de protocolos t\u00e9cnicos y normas comunes en tecnolog\u00edas emergentes.<\/p><\/div><\/div><\/div><\/div><\/div><div class=\"vce-col vce-col--md-16p vce-col--xs-1 vce-col--xs-last vce-col--xs-first vce-col--sm-last vce-col--sm-first\" id=\"el-4f1d7088\"><div class=\"vce-col-inner\" data-vce-do-apply=\"border margin background  el-4f1d7088\"><div class=\"vce-col-content\" data-vce-element-content=\"true\" data-vce-do-apply=\"padding el-4f1d7088\"><div class=\"vce-text-block\"><div class=\"vce-text-block-wrapper vce\" id=\"el-45770cc9\" data-vce-do-apply=\"all el-45770cc9\"><p>15 de abril de 2026<\/p><\/div><\/div><\/div><\/div><\/div><div class=\"vce-col vce-col--md-16p vce-col--xs-1 vce-col--xs-last vce-col--xs-first vce-col--sm-last vce-col--sm-first vce-col--md-last vce-col--lg-last vce-col--xl-last\" id=\"el-d36eeb26\"><div class=\"vce-col-inner\" data-vce-do-apply=\"border margin background  el-d36eeb26\"><div class=\"vce-col-content\" data-vce-element-content=\"true\" data-vce-do-apply=\"padding el-d36eeb26\"><div class=\"vce-button--style-basic-container vce-button--style-basic-container--align-left\"><span class=\"vce-button--style-basic-wrapper vce\" id=\"el-b4c61866\" data-vce-do-apply=\"margin el-b4c61866\"><a class=\"vce-button vce-button--style-basic vce-button--style-basic--border-square vce-button--style-basic--size-small vce-button--style-basic--color-557cbf--fff\" href=\"https:\/\/www.chips-ju.europa.eu\/callsinfo\/\" title=\"\" data-vce-do-apply=\"padding border background  el-b4c61866\">Enlace a la convocatoria<\/a><\/span><\/div><\/div><\/div><\/div><\/div><\/div><\/div><\/div><\/div><\/div><\/div><\/div><\/div><div class=\"vce-row-container\" data-vce-boxed-width=\"true\"><div class=\"vce-row vce-row--col-gap-30 vce-row-equal-height vce-row-content--top\" id=\"el-b5177851\" data-vce-do-apply=\"all el-b5177851\"><div class=\"vce-row-content\" data-vce-element-content=\"true\"><div class=\"vce-col vce-col--md-auto vce-col--xs-1 vce-col--xs-last vce-col--xs-first vce-col--sm-last vce-col--sm-first vce-col--md-last vce-col--lg-last vce-col--xl-last vce-col--md-first vce-col--lg-first vce-col--xl-first\" id=\"el-2dbeef1a\"><div class=\"vce-col-inner\" data-vce-do-apply=\"border margin background  el-2dbeef1a\"><div class=\"vce-col-content\" data-vce-element-content=\"true\" data-vce-do-apply=\"padding el-2dbeef1a\"><div class=\"vce-row-container\" data-vce-boxed-width=\"true\"><div class=\"vce-row vce-row--col-gap-30 vce-row-equal-height vce-row-content--top\" id=\"el-8465006b\" data-vce-do-apply=\"all el-8465006b\"><div class=\"vce-content-background-container\"><\/div><div class=\"vce-row-content\" data-vce-element-content=\"true\"><div class=\"vce-col vce-col--md-13p vce-col--xs-1 vce-col--xs-last vce-col--xs-first vce-col--sm-last vce-col--sm-first vce-col--md-first vce-col--lg-first vce-col--xl-first\" id=\"el-e72c9982\"><div class=\"vce-col-inner\" data-vce-do-apply=\"border margin background  el-e72c9982\"><div class=\"vce-col-content\" data-vce-element-content=\"true\" data-vce-do-apply=\"padding el-e72c9982\"><div class=\"vce-single-image-container vce-single-image--align-left\"><div class=\"vce vce-single-image-wrapper\" id=\"el-42538729\" data-vce-do-apply=\"all el-42538729\"><figure><div class=\"vce-single-image-figure-inner\" style=\"width: 234px;\"><div class=\"vce-single-image-inner vce-single-image--absolute\" style=\"width: 100%; padding-bottom: 32.0513%;\"><img loading=\"lazy\" decoding=\"async\" class=\"vce-single-image\"  width=\"234\" height=\"75\" srcset=\"https:\/\/citt-semiconductores.madrimasd.org\/wp-content\/uploads\/2026\/02\/europa-234x75.png 234w\" src=\"https:\/\/citt-semiconductores.madrimasd.org\/wp-content\/uploads\/2026\/02\/europa-234x75.png\" data-img-src=\"https:\/\/citt-semiconductores.madrimasd.org\/wp-content\/uploads\/2024\/01\/europa.png\" data-attachment-id=\"2113\"  alt=\"\" title=\"europa\" \/><\/div><\/div><figcaption hidden=\"\"><\/figcaption><\/figure><\/div><\/div><\/div><\/div><\/div><div class=\"vce-col vce-col--md-51p vce-col--xs-1 vce-col--xs-last vce-col--xs-first vce-col--sm-last vce-col--sm-first\" id=\"el-0a86be00\"><div class=\"vce-col-inner\" data-vce-do-apply=\"border margin background  el-0a86be00\"><div class=\"vce-col-content\" data-vce-element-content=\"true\" data-vce-do-apply=\"padding el-0a86be00\"><div class=\"vce-text-block\"><div class=\"vce-text-block-wrapper vce\" id=\"el-ba3695e2\" data-vce-do-apply=\"all el-ba3695e2\"><h1><span style=\"font-size: 16pt;\">Advanced Packaging Acceleration (DIGITAL-JU-CHIPS-2025-SG-LFA)<\/span><\/h1>\n<p style=\"text-align: justify;\">Financiaci\u00f3n espec\u00edfica para proyectos que aborden el empaquetado avanzado y la integraci\u00f3n heterog\u00e9nea de semiconductores.<\/p><\/div><\/div><\/div><\/div><\/div><div class=\"vce-col vce-col--md-16p vce-col--xs-1 vce-col--xs-last vce-col--xs-first vce-col--sm-last vce-col--sm-first\" id=\"el-47b94382\"><div class=\"vce-col-inner\" data-vce-do-apply=\"border margin background  el-47b94382\"><div class=\"vce-col-content\" data-vce-element-content=\"true\" data-vce-do-apply=\"padding el-47b94382\"><div class=\"vce-text-block\"><div class=\"vce-text-block-wrapper vce\" id=\"el-b0a2ab51\" data-vce-do-apply=\"all el-b0a2ab51\"><p>25 de febrero de 2026<\/p><\/div><\/div><\/div><\/div><\/div><div class=\"vce-col vce-col--md-16p vce-col--xs-1 vce-col--xs-last vce-col--xs-first vce-col--sm-last vce-col--sm-first vce-col--md-last vce-col--lg-last vce-col--xl-last\" id=\"el-91235a95\"><div class=\"vce-col-inner\" data-vce-do-apply=\"border margin background  el-91235a95\"><div class=\"vce-col-content\" data-vce-element-content=\"true\" data-vce-do-apply=\"padding el-91235a95\"><div class=\"vce-button--style-basic-container vce-button--style-basic-container--align-left\"><span class=\"vce-button--style-basic-wrapper vce\" id=\"el-980cb700\" data-vce-do-apply=\"margin el-980cb700\"><a class=\"vce-button vce-button--style-basic vce-button--style-basic--border-square vce-button--style-basic--size-small vce-button--style-basic--color-557cbf--fff\" href=\"https:\/\/ec.europa.eu\/info\/funding-tenders\/opportunities\/portal\/screen\/home\" title=\"\" data-vce-do-apply=\"padding border background  el-980cb700\">Enlace a la convocatoria<\/a><\/span><\/div><\/div><\/div><\/div><\/div><\/div><\/div><\/div><\/div><\/div><\/div><\/div><\/div><div class=\"vce-row-container\" data-vce-boxed-width=\"true\"><div class=\"vce-row vce-row--col-gap-30 vce-row-equal-height vce-row-content--top\" id=\"el-d6c8241a\" data-vce-do-apply=\"all el-d6c8241a\"><div class=\"vce-row-content\" data-vce-element-content=\"true\"><div class=\"vce-col vce-col--md-auto vce-col--xs-1 vce-col--xs-last vce-col--xs-first vce-col--sm-last vce-col--sm-first vce-col--md-last vce-col--lg-last vce-col--xl-last vce-col--md-first vce-col--lg-first vce-col--xl-first\" id=\"el-4aa0c6a7\"><div class=\"vce-col-inner\" data-vce-do-apply=\"border margin background  el-4aa0c6a7\"><div class=\"vce-col-content\" data-vce-element-content=\"true\" data-vce-do-apply=\"padding el-4aa0c6a7\"><div class=\"vce-row-container\" data-vce-boxed-width=\"true\"><div class=\"vce-row vce-row--col-gap-30 vce-row-equal-height vce-row-content--top\" id=\"el-d35d03f1\" data-vce-do-apply=\"all el-d35d03f1\"><div class=\"vce-content-background-container\"><\/div><div class=\"vce-row-content\" data-vce-element-content=\"true\"><div class=\"vce-col vce-col--md-13p vce-col--xs-1 vce-col--xs-last vce-col--xs-first vce-col--sm-last vce-col--sm-first vce-col--md-first vce-col--lg-first vce-col--xl-first\" id=\"el-f662b424\"><div class=\"vce-col-inner\" data-vce-do-apply=\"border margin background  el-f662b424\"><div class=\"vce-col-content\" data-vce-element-content=\"true\" data-vce-do-apply=\"padding el-f662b424\"><div class=\"vce-single-image-container vce-single-image--align-left\"><div class=\"vce vce-single-image-wrapper\" id=\"el-5593e785\" data-vce-do-apply=\"all el-5593e785\"><figure><div class=\"vce-single-image-figure-inner\" style=\"width: 234px;\"><div class=\"vce-single-image-inner vce-single-image--absolute\" style=\"width: 100%; padding-bottom: 32.0513%;\"><img loading=\"lazy\" decoding=\"async\" class=\"vce-single-image\"  width=\"234\" height=\"75\" srcset=\"https:\/\/citt-semiconductores.madrimasd.org\/wp-content\/uploads\/2026\/02\/europa-234x75.png 234w\" src=\"https:\/\/citt-semiconductores.madrimasd.org\/wp-content\/uploads\/2026\/02\/europa-234x75.png\" data-img-src=\"https:\/\/citt-semiconductores.madrimasd.org\/wp-content\/uploads\/2024\/01\/europa.png\" data-attachment-id=\"2113\"  alt=\"\" title=\"europa\" \/><\/div><\/div><figcaption hidden=\"\"><\/figcaption><\/figure><\/div><\/div><\/div><\/div><\/div><div class=\"vce-col vce-col--md-51p vce-col--xs-1 vce-col--xs-last vce-col--xs-first vce-col--sm-last vce-col--sm-first\" id=\"el-fa692ca2\"><div class=\"vce-col-inner\" data-vce-do-apply=\"border margin background  el-fa692ca2\"><div class=\"vce-col-content\" data-vce-element-content=\"true\" data-vce-do-apply=\"padding el-fa692ca2\"><div class=\"vce-text-block\"><div class=\"vce-text-block-wrapper vce\" id=\"el-d43a8a20\" data-vce-do-apply=\"all el-d43a8a20\"><h1><span style=\"font-size: 16pt;\">Lab to Fab Accelerator (DIGITAL-JU-CHIPS-2025)<\/span><\/h1>\n<p style=\"text-align: justify;\">Programa de la Chips JU para que startups y PYMES trasladen sus dise\u00f1os de chips del laboratorio a la fabricaci\u00f3n real, utilizando sus plataformas de ensayo.<\/p><\/div><\/div><\/div><\/div><\/div><div class=\"vce-col vce-col--md-16p vce-col--xs-1 vce-col--xs-last vce-col--xs-first vce-col--sm-last vce-col--sm-first\" id=\"el-6c0a2014\"><div class=\"vce-col-inner\" data-vce-do-apply=\"border margin background  el-6c0a2014\"><div class=\"vce-col-content\" data-vce-element-content=\"true\" data-vce-do-apply=\"padding el-6c0a2014\"><div class=\"vce-text-block\"><div class=\"vce-text-block-wrapper vce\" id=\"el-0a2b6c89\" data-vce-do-apply=\"all el-0a2b6c89\"><p>25 de febrero de 2026<\/p><\/div><\/div><\/div><\/div><\/div><div class=\"vce-col vce-col--md-16p vce-col--xs-1 vce-col--xs-last vce-col--xs-first vce-col--sm-last vce-col--sm-first vce-col--md-last vce-col--lg-last vce-col--xl-last\" id=\"el-9b2db635\"><div class=\"vce-col-inner\" data-vce-do-apply=\"border margin background  el-9b2db635\"><div class=\"vce-col-content\" data-vce-element-content=\"true\" data-vce-do-apply=\"padding el-9b2db635\"><div class=\"vce-button--style-basic-container vce-button--style-basic-container--align-left\"><span class=\"vce-button--style-basic-wrapper vce\" id=\"el-774adfbc\" data-vce-do-apply=\"margin el-774adfbc\"><a class=\"vce-button vce-button--style-basic vce-button--style-basic--border-square vce-button--style-basic--size-small vce-button--style-basic--color-557cbf--fff\" href=\"https:\/\/www.chips-ju.europa.eu\/callsinfo\/\" title=\"\" data-vce-do-apply=\"padding border background  el-774adfbc\">Enlace a la convocatoria<\/a><\/span><\/div><\/div><\/div><\/div><\/div><\/div><\/div><\/div><\/div><\/div><\/div><\/div><\/div><div class=\"vce-row-container\" data-vce-boxed-width=\"true\"><div class=\"vce-row vce-row--col-gap-30 vce-row-equal-height vce-row-content--top\" id=\"el-4ee261d7\" data-vce-do-apply=\"all el-4ee261d7\"><div class=\"vce-row-content\" data-vce-element-content=\"true\"><div class=\"vce-col vce-col--md-auto vce-col--xs-1 vce-col--xs-last vce-col--xs-first vce-col--sm-last vce-col--sm-first vce-col--md-last vce-col--lg-last vce-col--xl-last vce-col--md-first vce-col--lg-first vce-col--xl-first\" id=\"el-447d79ae\"><div class=\"vce-col-inner\" data-vce-do-apply=\"border margin background  el-447d79ae\"><div class=\"vce-col-content\" data-vce-element-content=\"true\" data-vce-do-apply=\"padding el-447d79ae\"><div class=\"vce-row-container\" data-vce-boxed-width=\"true\"><div class=\"vce-row vce-row--col-gap-30 vce-row-equal-height vce-row-content--top\" id=\"el-ff73cd3e\" data-vce-do-apply=\"all el-ff73cd3e\"><div class=\"vce-content-background-container\"><\/div><div class=\"vce-row-content\" data-vce-element-content=\"true\"><div class=\"vce-col vce-col--md-13p vce-col--xs-1 vce-col--xs-last vce-col--xs-first vce-col--sm-last vce-col--sm-first vce-col--md-first vce-col--lg-first vce-col--xl-first\" id=\"el-b06b2b04\"><div class=\"vce-col-inner\" data-vce-do-apply=\"border margin background  el-b06b2b04\"><div class=\"vce-col-content\" data-vce-element-content=\"true\" data-vce-do-apply=\"padding el-b06b2b04\"><div class=\"vce-single-image-container vce-single-image--align-left\"><div class=\"vce vce-single-image-wrapper\" id=\"el-8df83fbc\" data-vce-do-apply=\"all el-8df83fbc\"><figure><div class=\"vce-single-image-figure-inner\" style=\"width: 234px;\"><div class=\"vce-single-image-inner vce-single-image--absolute\" style=\"width: 100%; padding-bottom: 32.0513%;\"><img loading=\"lazy\" decoding=\"async\" class=\"vce-single-image\"  width=\"234\" height=\"75\" srcset=\"https:\/\/citt-semiconductores.madrimasd.org\/wp-content\/uploads\/2026\/02\/europa-234x75.png 234w\" src=\"https:\/\/citt-semiconductores.madrimasd.org\/wp-content\/uploads\/2026\/02\/europa-234x75.png\" data-img-src=\"https:\/\/citt-semiconductores.madrimasd.org\/wp-content\/uploads\/2024\/01\/europa.png\" data-attachment-id=\"2113\"  alt=\"\" title=\"europa\" \/><\/div><\/div><figcaption hidden=\"\"><\/figcaption><\/figure><\/div><\/div><\/div><\/div><\/div><div class=\"vce-col vce-col--md-51p vce-col--xs-1 vce-col--xs-last vce-col--xs-first vce-col--sm-last vce-col--sm-first\" id=\"el-b8ee4088\"><div class=\"vce-col-inner\" data-vce-do-apply=\"border margin background  el-b8ee4088\"><div class=\"vce-col-content\" data-vce-element-content=\"true\" data-vce-do-apply=\"padding el-b8ee4088\"><div class=\"vce-text-block\"><div class=\"vce-text-block-wrapper vce\" id=\"el-0461b926\" data-vce-do-apply=\"all el-0461b926\"><h1><span style=\"font-size: 16pt;\">Advanced real-time data analysis used for infrastructure resilience<\/span><\/h1><p style=\"text-align: justify;\">Convocatoria europea para el desarrollo de herramientas para la resiliencia de infraestructuras. Participaci\u00f3n de al menos 3 operadores de infraestructuras de diferentes Estados miembros de la UE.<\/p><\/div><\/div><\/div><\/div><\/div><div class=\"vce-col vce-col--md-16p vce-col--xs-1 vce-col--xs-last vce-col--xs-first vce-col--sm-last vce-col--sm-first\" id=\"el-a1ae50e2\"><div class=\"vce-col-inner\" data-vce-do-apply=\"border margin background  el-a1ae50e2\"><div class=\"vce-col-content\" data-vce-element-content=\"true\" data-vce-do-apply=\"padding el-a1ae50e2\"><div class=\"vce-text-block\"><div class=\"vce-text-block-wrapper vce\" id=\"el-9d29ae5d\" data-vce-do-apply=\"all el-9d29ae5d\"><p>20 de octubre 2024<\/p><\/div><\/div><\/div><\/div><\/div><div class=\"vce-col vce-col--md-16p vce-col--xs-1 vce-col--xs-last vce-col--xs-first vce-col--sm-last vce-col--sm-first vce-col--md-last vce-col--lg-last vce-col--xl-last\" id=\"el-7cbf43da\"><div class=\"vce-col-inner\" data-vce-do-apply=\"border margin background  el-7cbf43da\"><div class=\"vce-col-content\" data-vce-element-content=\"true\" data-vce-do-apply=\"padding el-7cbf43da\"><div class=\"vce-button--style-basic-container vce-button--style-basic-container--align-left\"><span class=\"vce-button--style-basic-wrapper vce\" id=\"el-f7fcb2af\" data-vce-do-apply=\"margin el-f7fcb2af\"><a class=\"vce-button vce-button--style-basic vce-button--style-basic--border-square vce-button--style-basic--size-small vce-button--style-basic--color-557cbf--fff\" href=\"https:\/\/ec.europa.eu\/info\/funding-tenders\/opportunities\/\" title=\"\" data-vce-do-apply=\"padding border background  el-f7fcb2af\">Enlace a la convocatoria<\/a><\/span><\/div><\/div><\/div><\/div><\/div><\/div><\/div><\/div><\/div><\/div><\/div><\/div><\/div><div class=\"vce-row-container\" data-vce-boxed-width=\"true\"><div class=\"vce-row vce-row--col-gap-30 vce-row-equal-height vce-row-content--top\" id=\"el-c280a368\" data-vce-do-apply=\"all el-c280a368\"><div class=\"vce-row-content\" data-vce-element-content=\"true\"><div><\/div><\/div><\/div><\/div>","protected":false},"excerpt":{"rendered":"<p>\u00c1mbitoConvocatoriaFecha de cierreM\u00e1s informaci\u00f3nEstandarizaci\u00f3n Cu\u00e1ntica y Semiconductores (DIGITAL-JU-CHIPS-2025) Apoyo para la creaci\u00f3n de protocolos t\u00e9cnicos y normas comunes en tecnolog\u00edas emergentes.15 de abril de 2026Enlace a la convocatoriaAdvanced Packaging Acceleration (DIGITAL-JU-CHIPS-2025-SG-LFA) Financiaci\u00f3n espec\u00edfica para proyectos que aborden el empaquetado avanzado y la integraci\u00f3n heterog\u00e9nea de semiconductores.25 de febrero de 2026Enlace a la convocatoriaLab to Fab Accelerator (DIGITAL-JU-CHIPS-2025) Programa de la Chips JU para que startups y PYMES trasladen sus dise\u00f1os de chips del laboratorio a la fabricaci\u00f3n real, utilizando sus plataformas de ensayo.25 de febrero de 2026Enlace a la convocatoriaAdvanced real-time data analysis used for infrastructure resilienceConvocatoria europea para el\u2026<\/p>\n","protected":false},"author":3,"featured_media":0,"parent":0,"menu_order":0,"comment_status":"closed","ping_status":"closed","template":"","meta":{"pmpro_default_level":0,"passster_activate_protection":false,"passster_protect_child_pages":"","passster_protection_type":"password","passster_password":"","passster_activate_overwrite_defaults":"","passster_headline":"","passster_instruction":"","passster_placeholder":"","passster_button":"","passster_id":"","passster_activate_misc_settings":"","passster_redirect_url":"","passster_hide":"no","passster_area_shortcode":"","_mc_calendar":[],"footnotes":""},"class_list":["post-2101","page","type-page","status-publish","hentry","pmpro-has-access"],"blocksy_meta":"","acf":[],"_links":{"self":[{"href":"https:\/\/citt-semiconductores.madrimasd.org\/index.php\/wp-json\/wp\/v2\/pages\/2101","targetHints":{"allow":["GET"]}}],"collection":[{"href":"https:\/\/citt-semiconductores.madrimasd.org\/index.php\/wp-json\/wp\/v2\/pages"}],"about":[{"href":"https:\/\/citt-semiconductores.madrimasd.org\/index.php\/wp-json\/wp\/v2\/types\/page"}],"author":[{"embeddable":true,"href":"https:\/\/citt-semiconductores.madrimasd.org\/index.php\/wp-json\/wp\/v2\/users\/3"}],"replies":[{"embeddable":true,"href":"https:\/\/citt-semiconductores.madrimasd.org\/index.php\/wp-json\/wp\/v2\/comments?post=2101"}],"version-history":[{"count":10,"href":"https:\/\/citt-semiconductores.madrimasd.org\/index.php\/wp-json\/wp\/v2\/pages\/2101\/revisions"}],"predecessor-version":[{"id":2683,"href":"https:\/\/citt-semiconductores.madrimasd.org\/index.php\/wp-json\/wp\/v2\/pages\/2101\/revisions\/2683"}],"wp:attachment":[{"href":"https:\/\/citt-semiconductores.madrimasd.org\/index.php\/wp-json\/wp\/v2\/media?parent=2101"}],"curies":[{"name":"wp","href":"https:\/\/api.w.org\/{rel}","templated":true}]}}