{"id":10,"date":"2023-06-15T10:54:14","date_gmt":"2023-06-15T10:54:14","guid":{"rendered":"http:\/\/citt-humanidadesdigitales.madrimasd.org\/?page_id=10"},"modified":"2024-02-16T11:35:40","modified_gmt":"2024-02-16T11:35:40","slug":"miembros","status":"publish","type":"page","link":"https:\/\/citt-semiconductores.madrimasd.org\/index.php\/miembros\/","title":{"rendered":""},"content":{"rendered":"<div class=\"vce-row-container\" data-vce-boxed-width=\"true\"><div class=\"vce-row vce-row--col-gap-30 vce-row-equal-height vce-row-content--top\" id=\"el-4082e7e4\" data-vce-do-apply=\"all el-4082e7e4\"><div class=\"vce-content-background-container\"><\/div><div class=\"vce-row-content\" data-vce-element-content=\"true\"><div class=\"vce-col vce-col--md-auto vce-col--xs-1 vce-col--xs-last vce-col--xs-first vce-col--sm-last vce-col--sm-first vce-col--md-last vce-col--lg-last vce-col--xl-last vce-col--md-first vce-col--lg-first vce-col--xl-first\" id=\"el-1f14fcf3\"><div class=\"vce-col-inner\" data-vce-do-apply=\"border margin background  el-1f14fcf3\"><div class=\"vce-col-content\" data-vce-element-content=\"true\" data-vce-do-apply=\"padding el-1f14fcf3\"><div class=\"vce-text-block\"><div class=\"vce-text-block-wrapper vce\" id=\"el-0bc31c14\" data-vce-do-apply=\"all el-0bc31c14\"><h2 style=\"text-align: center;\">Nuestro Cl\u00faster cuenta con m\u00e1s de 70 miembros<\/h2><\/div><\/div><\/div><\/div><\/div><\/div><\/div><\/div><div class=\"vce-row-container\" data-vce-boxed-width=\"true\"><div class=\"vce-row vce-row--col-gap-30 vce-row-equal-height vce-row-content--top\" id=\"el-b48941a5\" data-vce-do-apply=\"all el-b48941a5\"><div class=\"vce-content-background-container\"><\/div><div class=\"vce-row-content\" data-vce-element-content=\"true\"><div class=\"vce-col vce-col--md-auto vce-col--xs-1 vce-col--xs-last vce-col--xs-first vce-col--sm-last vce-col--sm-first vce-col--md-last vce-col--lg-last vce-col--xl-last vce-col--md-first vce-col--lg-first vce-col--xl-first\" id=\"el-4ca13995\"><div class=\"vce-col-inner\" data-vce-do-apply=\"border margin background  el-4ca13995\"><div class=\"vce-col-content\" data-vce-element-content=\"true\" data-vce-do-apply=\"padding el-4ca13995\"><div><\/div><\/div><\/div><\/div><\/div><\/div><\/div><div class=\"vce-row-container\" data-vce-boxed-width=\"true\"><div class=\"vce-row vce-row--col-gap-30 vce-row-equal-height vce-row-content--top\" id=\"el-1b1f7222\" data-vce-do-apply=\"all el-1b1f7222\"><div class=\"vce-content-background-container\"><\/div><div class=\"vce-row-content\" data-vce-element-content=\"true\"><div class=\"vce-col vce-col--md-auto vce-col--xs-1 vce-col--xs-last vce-col--xs-first vce-col--sm-last vce-col--sm-first vce-col--md-first vce-col--lg-first vce-col--xl-first\" id=\"el-4732b704\"><div class=\"vce-col-inner\" data-vce-do-apply=\"border margin background  el-4732b704\"><div class=\"vce-col-content\" data-vce-element-content=\"true\" data-vce-do-apply=\"padding el-4732b704\"><section class=\"vce-hero-section-container vce-hero-section-media--xs\"><div class=\"vce vce-hero-section\" id=\"el-929320a7\" data-vce-background-image-all=\"https:\/\/citt-semiconductores.madrimasd.org\/wp-content\/uploads\/2024\/01\/alesia-kaz-XLm6-fPwK5Q-unsplash-scaled.jpg\" data-vce-background-image=\"all\" data-vce-lozad=\"true\" data-vce-do-apply=\"margin background border  el-929320a7\"><div class=\"vce-hero-section--wrap-row\"><div class=\"vce-hero-section--wrap\"><div class=\"vce-hero-section--content\" data-vce-do-apply=\"padding el-929320a7\"><div class=\"vce-hero-section--content-container\"><h2 style=\"color: #fff; text-align: center;\">Empresas<\/h2>\n<p>&nbsp;<\/p><\/div><div class=\"vce-button--style-basic-container vce-button--style-basic-container--align-center\"><span class=\"vce-button--style-basic-wrapper vce\" id=\"el-09bef63f\" data-vce-do-apply=\"margin el-09bef63f\"><a class=\"vce-button vce-button--style-basic vce-button--style-basic--border-square vce-button--style-basic--size-medium vce-button--style-basic--color-b-184-46-36--fff\" href=\"https:\/\/citt-semiconductores.madrimasd.org\/index.php\/miembros\/empresas\/\" title=\"\" data-vce-do-apply=\"padding border background  el-09bef63f\">Con\u00f3celas<\/a><\/span><\/div><\/div><\/div><\/div><\/div><\/section><\/div><\/div><\/div><div class=\"vce-col vce-col--md-auto vce-col--xs-1 vce-col--xs-last vce-col--xs-first vce-col--sm-last vce-col--sm-first\" id=\"el-7341aed9\"><div class=\"vce-col-inner\" data-vce-do-apply=\"border margin background  el-7341aed9\"><div class=\"vce-col-content\" data-vce-element-content=\"true\" data-vce-do-apply=\"padding el-7341aed9\"><section class=\"vce-hero-section-container vce-hero-section-media--xs\"><div class=\"vce vce-hero-section\" id=\"el-a2f285d1\" data-vce-background-image-all=\"https:\/\/citt-semiconductores.madrimasd.org\/wp-content\/uploads\/2024\/01\/kenny-eliason-1-aA2Fadydc-unsplash-scaled.jpg\" data-vce-background-image=\"all\" data-vce-lozad=\"true\" data-vce-do-apply=\"margin background border  el-a2f285d1\"><div class=\"vce-hero-section--wrap-row\"><div class=\"vce-hero-section--wrap\"><div class=\"vce-hero-section--content\" data-vce-do-apply=\"padding el-a2f285d1\"><div class=\"vce-hero-section--content-container\"><h2 style=\"color: #fff; text-align: center;\">Universidades<\/h2>\n<p>&nbsp;<\/p><\/div><div class=\"vce-button--style-basic-container vce-button--style-basic-container--align-center\"><span class=\"vce-button--style-basic-wrapper vce\" id=\"el-e2f84c41\" data-vce-do-apply=\"margin el-e2f84c41\"><a class=\"vce-button vce-button--style-basic vce-button--style-basic--border-square vce-button--style-basic--size-medium vce-button--style-basic--color-b-184-46-36--fff\" href=\"https:\/\/citt-semiconductores.madrimasd.org\/index.php\/miembros\/universidades\/\" title=\"\" data-vce-do-apply=\"padding border background  el-e2f84c41\">Con\u00f3celas<\/a><\/span><\/div><\/div><\/div><\/div><\/div><\/section><\/div><\/div><\/div><div class=\"vce-col vce-col--md-auto vce-col--xs-1 vce-col--xs-last vce-col--xs-first vce-col--sm-last vce-col--sm-first vce-col--md-last vce-col--lg-last vce-col--xl-last\" id=\"el-d3429a61\"><div class=\"vce-col-inner\" data-vce-do-apply=\"border margin background  el-d3429a61\"><div class=\"vce-col-content\" data-vce-element-content=\"true\" data-vce-do-apply=\"padding el-d3429a61\"><section class=\"vce-hero-section-container vce-hero-section-media--xs\"><div class=\"vce vce-hero-section\" id=\"el-1696af92\" data-vce-background-image-all=\"https:\/\/citt-semiconductores.madrimasd.org\/wp-content\/uploads\/2024\/01\/beatriz-perez-moya-XN4T2PVUUgk-unsplash-scaled.jpg\" data-vce-background-image=\"all\" data-vce-lozad=\"true\" data-vce-do-apply=\"margin background border  el-1696af92\"><div class=\"vce-hero-section--wrap-row\"><div class=\"vce-hero-section--wrap\"><div class=\"vce-hero-section--content\" data-vce-do-apply=\"padding el-1696af92\"><div class=\"vce-hero-section--content-container\"><h2 style=\"color: #fff; text-align: center;\"><span style=\"font-size: 24pt;\">Administraci\u00f3n p\u00fablica<\/span><\/h2><\/div><div class=\"vce-button--style-basic-container vce-button--style-basic-container--align-center\"><span class=\"vce-button--style-basic-wrapper vce\" id=\"el-50a36b23\" data-vce-do-apply=\"margin el-50a36b23\"><a class=\"vce-button vce-button--style-basic vce-button--style-basic--border-square vce-button--style-basic--size-medium vce-button--style-basic--color-b-184-46-36--fff\" href=\"https:\/\/citt-semiconductores.madrimasd.org\/index.php\/miembros\/consejeria\/\" title=\"\" data-vce-do-apply=\"padding border background  el-50a36b23\">Con\u00f3celas<\/a><\/span><\/div><\/div><\/div><\/div><\/div><\/section><\/div><\/div><\/div><\/div><\/div><\/div><div class=\"vce-row-container\" data-vce-boxed-width=\"true\"><div class=\"vce-row vce-row--col-gap-30 vce-row-equal-height vce-row-content--top\" id=\"el-422ec85b\" data-vce-do-apply=\"all el-422ec85b\"><div class=\"vce-content-background-container\"><\/div><div class=\"vce-row-content\" data-vce-element-content=\"true\"><div class=\"vce-col vce-col--md-auto vce-col--xs-1 vce-col--xs-last vce-col--xs-first vce-col--sm-last vce-col--sm-first vce-col--md-first vce-col--lg-first vce-col--xl-first\" id=\"el-92f98e87\"><div class=\"vce-col-inner\" data-vce-do-apply=\"border margin background  el-92f98e87\"><div class=\"vce-col-content\" data-vce-element-content=\"true\" data-vce-do-apply=\"padding el-92f98e87\"><section class=\"vce-hero-section-container vce-hero-section-media--xs\"><div class=\"vce vce-hero-section\" id=\"el-e25c022e\" data-vce-background-image-all=\"https:\/\/citt-semiconductores.madrimasd.org\/wp-content\/uploads\/2024\/01\/jose-vazquez-Q5RBHz9cu1A-unsplash-scaled.jpg\" data-vce-background-image=\"all\" data-vce-lozad=\"true\" data-vce-do-apply=\"margin background border  el-e25c022e\"><div class=\"vce-hero-section--wrap-row\"><div class=\"vce-hero-section--wrap\"><div class=\"vce-hero-section--content\" data-vce-do-apply=\"padding el-e25c022e\"><div class=\"vce-hero-section--content-container\"><h2 style=\"color: #fff; text-align: center;\">Asociaciones<\/h2>\n<p>&nbsp;<\/p><\/div><div class=\"vce-button--style-basic-container vce-button--style-basic-container--align-center\"><span class=\"vce-button--style-basic-wrapper vce\" id=\"el-cd08ae32\" data-vce-do-apply=\"margin el-cd08ae32\"><a class=\"vce-button vce-button--style-basic vce-button--style-basic--border-square vce-button--style-basic--size-medium vce-button--style-basic--color-b-184-46-36--fff\" href=\"https:\/\/citt-semiconductores.madrimasd.org\/index.php\/miembros\/asociaciones\/\" title=\"\" data-vce-do-apply=\"padding border background  el-cd08ae32\">Con\u00f3celas<\/a><\/span><\/div><\/div><\/div><\/div><\/div><\/section><\/div><\/div><\/div><div class=\"vce-col vce-col--md-auto vce-col--xs-1 vce-col--xs-last vce-col--xs-first vce-col--sm-last vce-col--sm-first\" id=\"el-2ef3809c\"><div class=\"vce-col-inner\" data-vce-do-apply=\"border margin background  el-2ef3809c\"><div class=\"vce-col-content\" data-vce-element-content=\"true\" data-vce-do-apply=\"padding el-2ef3809c\"><div><\/div><\/div><\/div><\/div><div class=\"vce-col vce-col--md-auto vce-col--xs-1 vce-col--xs-last vce-col--xs-first vce-col--sm-last vce-col--sm-first vce-col--md-last vce-col--lg-last vce-col--xl-last\" id=\"el-87cafa09\"><div class=\"vce-col-inner\" data-vce-do-apply=\"border margin background  el-87cafa09\"><div class=\"vce-col-content\" data-vce-element-content=\"true\" data-vce-do-apply=\"padding el-87cafa09\"><section class=\"vce-hero-section-container vce-hero-section-media--xs\"><div class=\"vce vce-hero-section\" id=\"el-0dfe5090\" data-vce-background-image-all=\"https:\/\/citt-semiconductores.madrimasd.org\/wp-content\/uploads\/2024\/01\/trust-tru-katsande-6q5QG8iIgRo-unsplash-scaled.jpg\" data-vce-background-image=\"all\" data-vce-lozad=\"true\" data-vce-do-apply=\"margin background border  el-0dfe5090\"><div class=\"vce-hero-section--wrap-row\"><div class=\"vce-hero-section--wrap\"><div class=\"vce-hero-section--content\" data-vce-do-apply=\"padding el-0dfe5090\"><div class=\"vce-hero-section--content-container\"><h2 style=\"color: #fff; text-align: center;\"><span style=\"font-size: 24pt;\">Centros de investigaci\u00f3n<\/span><\/h2><\/div><div class=\"vce-button--style-basic-container vce-button--style-basic-container--align-center\"><span class=\"vce-button--style-basic-wrapper vce\" id=\"el-2330214d\" data-vce-do-apply=\"margin el-2330214d\"><a class=\"vce-button vce-button--style-basic vce-button--style-basic--border-square vce-button--style-basic--size-medium vce-button--style-basic--color-b-184-46-36--fff\" href=\"https:\/\/citt-semiconductores.madrimasd.org\/index.php\/centros-de-investigacion\/\" title=\"\" data-vce-do-apply=\"padding border background  el-2330214d\">Con\u00f3celos<\/a><\/span><\/div><\/div><\/div><\/div><\/div><\/section><\/div><\/div><\/div><\/div><\/div><\/div><div class=\"vce-row-container\" data-vce-boxed-width=\"true\"><div class=\"vce-row vce-row--col-gap-30 vce-row-equal-height vce-row-content--top\" id=\"el-8a30845f\" data-vce-do-apply=\"all el-8a30845f\"><div class=\"vce-content-background-container\"><\/div><div class=\"vce-row-content\" data-vce-element-content=\"true\"><div class=\"vce-col vce-col--md-auto vce-col--xs-1 vce-col--xs-last vce-col--xs-first vce-col--sm-last vce-col--sm-first vce-col--md-last vce-col--lg-last vce-col--xl-last vce-col--md-first vce-col--lg-first vce-col--xl-first\" id=\"el-b75445ad\"><div class=\"vce-col-inner\" data-vce-do-apply=\"border margin background  el-b75445ad\"><div class=\"vce-col-content\" data-vce-element-content=\"true\" data-vce-do-apply=\"padding el-b75445ad\"><div><\/div><\/div><\/div><\/div><\/div><\/div><\/div><div class=\"vce-row-container\" data-vce-boxed-width=\"true\"><div class=\"vce-row vce-row--col-gap-30 vce-row-equal-height vce-row-content--top\" id=\"el-380f1f04\" data-vce-do-apply=\"all el-380f1f04\"><div class=\"vce-content-background-container\"><\/div><div class=\"vce-row-content\" data-vce-element-content=\"true\"><div class=\"vce-col vce-col--md-auto vce-col--xs-1 vce-col--xs-last vce-col--xs-first vce-col--sm-last vce-col--sm-first vce-col--md-last vce-col--lg-last vce-col--xl-last vce-col--md-first vce-col--lg-first vce-col--xl-first\" id=\"el-cc40c1ef\"><div class=\"vce-col-inner\" data-vce-do-apply=\"border margin background  el-cc40c1ef\"><div class=\"vce-col-content\" data-vce-element-content=\"true\" data-vce-do-apply=\"padding el-cc40c1ef\"><div><\/div><\/div><\/div><\/div><\/div><\/div><\/div><div class=\"vce-row-container\" data-vce-boxed-width=\"true\"><div class=\"vce-row vce-row--col-gap-30 vce-row-equal-height vce-row-content--top\" id=\"el-c4c5181e\" data-vce-do-apply=\"all el-c4c5181e\"><div class=\"vce-row-content\" data-vce-element-content=\"true\"><div><\/div><\/div><\/div><\/div>","protected":false},"excerpt":{"rendered":"<p>Nuestro Cl\u00faster cuenta con m\u00e1s de 70 miembrosEmpresas &nbsp;Con\u00f3celasUniversidades &nbsp;Con\u00f3celasAdministraci\u00f3n p\u00fablicaCon\u00f3celasAsociaciones &nbsp;Con\u00f3celasCentros de investigaci\u00f3nCon\u00f3celos<\/p>\n","protected":false},"author":3,"featured_media":0,"parent":0,"menu_order":0,"comment_status":"closed","ping_status":"closed","template":"","meta":{"pmpro_default_level":0,"passster_activate_protection":false,"passster_protect_child_pages":"","passster_protection_type":"password","passster_password":"","passster_activate_overwrite_defaults":"","passster_headline":"","passster_instruction":"","passster_placeholder":"","passster_button":"","passster_id":"","passster_activate_misc_settings":"","passster_redirect_url":"","passster_hide":"no","passster_area_shortcode":"","_mc_calendar":[],"footnotes":""},"class_list":["post-10","page","type-page","status-publish","hentry","pmpro-has-access"],"blocksy_meta":"","acf":[],"_links":{"self":[{"href":"https:\/\/citt-semiconductores.madrimasd.org\/index.php\/wp-json\/wp\/v2\/pages\/10","targetHints":{"allow":["GET"]}}],"collection":[{"href":"https:\/\/citt-semiconductores.madrimasd.org\/index.php\/wp-json\/wp\/v2\/pages"}],"about":[{"href":"https:\/\/citt-semiconductores.madrimasd.org\/index.php\/wp-json\/wp\/v2\/types\/page"}],"author":[{"embeddable":true,"href":"https:\/\/citt-semiconductores.madrimasd.org\/index.php\/wp-json\/wp\/v2\/users\/3"}],"replies":[{"embeddable":true,"href":"https:\/\/citt-semiconductores.madrimasd.org\/index.php\/wp-json\/wp\/v2\/comments?post=10"}],"version-history":[{"count":29,"href":"https:\/\/citt-semiconductores.madrimasd.org\/index.php\/wp-json\/wp\/v2\/pages\/10\/revisions"}],"predecessor-version":[{"id":2314,"href":"https:\/\/citt-semiconductores.madrimasd.org\/index.php\/wp-json\/wp\/v2\/pages\/10\/revisions\/2314"}],"wp:attachment":[{"href":"https:\/\/citt-semiconductores.madrimasd.org\/index.php\/wp-json\/wp\/v2\/media?parent=10"}],"curies":[{"name":"wp","href":"https:\/\/api.w.org\/{rel}","templated":true}]}}